{"id":4209,"date":"2026-02-09T16:07:56","date_gmt":"2026-02-09T15:07:56","guid":{"rendered":"https:\/\/healthysuits.com\/?post_type=product&#038;p=4209"},"modified":"2026-03-17T11:17:40","modified_gmt":"2026-03-17T10:17:40","slug":"muscle-suit-easy-lift","status":"publish","type":"product","link":"https:\/\/healthysuits.com\/it\/muscle-suit-easy-lift\/","title":{"rendered":"Muscle <strong>Suit Easy Lift<\/strong>"},"content":{"rendered":"","protected":false},"excerpt":{"rendered":"<p><strong>Il primo esoscheletro progettato per uso domestico. <\/strong><\/p>\n<p>Muscle Suit Soft\u2011Power EASY\u2011LIFT segna una svolta nell&#8217;ergonomia quotidiana: \u00e8 <strong>il primo esoscheletro creato specificamente per i lavori domestici e le attivit\u00e0 quotidiane<\/strong>, offrendo un supporto lombare leggero, accessibile e estremamente facile da usare.<\/p>\n<p>Fa parte della rinomata Muscle Suit Series, ma con un approccio completamente nuovo: <strong>semplicit\u00e0, leggerezza e accessibilit\u00e0 per chiunque<\/strong>, senza la necessit\u00e0 di esperienza precedente o attrezzature professionali.<\/p>\n<p>Questo modello <strong>non \u00e8 destinato ad un uso terapeutico<\/strong> e <strong>non aumenta la forza oltre le capacit\u00e0 dell&#8217;utente<\/strong>. La sua funzione \u00e8 ridurre la tensione lombare e migliorare la postura durante le attivit\u00e0 quotidiane.<\/p>\n<p>Le applicazioni dell&#8217;esoscheletro lombare Muscle Suit Easy Lift sono infinite, risultando particolarmente utili in lavori domestici e di pulizia, cura e assistenza, piccole riparazioni, montaggio e carico, giardinaggio e agricoltura, e per tutte quelle attivit\u00e0 quotidiane che richiedono molta mobilit\u00e0, cos\u00ec come compiti in cui manteniamo una costante inclinazione del tronco.<\/p>\n","protected":false},"featured_media":4214,"comment_status":"closed","ping_status":"closed","template":"","meta":{"_acf_changed":false},"product_brand":[],"product_cat":[117],"product_tag":[],"class_list":{"0":"post-4209","1":"product","2":"type-product","3":"status-publish","4":"has-post-thumbnail","6":"product_cat-esoscheletri","8":"first","9":"instock","10":"taxable","11":"shipping-taxable","12":"purchasable","13":"product-type-variable"},"acf":[],"_links":{"self":[{"href":"https:\/\/healthysuits.com\/it\/wp-json\/wp\/v2\/product\/4209","targetHints":{"allow":["GET"]}}],"collection":[{"href":"https:\/\/healthysuits.com\/it\/wp-json\/wp\/v2\/product"}],"about":[{"href":"https:\/\/healthysuits.com\/it\/wp-json\/wp\/v2\/types\/product"}],"replies":[{"embeddable":true,"href":"https:\/\/healthysuits.com\/it\/wp-json\/wp\/v2\/comments?post=4209"}],"wp:featuredmedia":[{"embeddable":true,"href":"https:\/\/healthysuits.com\/it\/wp-json\/wp\/v2\/media\/4214"}],"wp:attachment":[{"href":"https:\/\/healthysuits.com\/it\/wp-json\/wp\/v2\/media?parent=4209"}],"wp:term":[{"taxonomy":"product_brand","embeddable":true,"href":"https:\/\/healthysuits.com\/it\/wp-json\/wp\/v2\/product_brand?post=4209"},{"taxonomy":"product_cat","embeddable":true,"href":"https:\/\/healthysuits.com\/it\/wp-json\/wp\/v2\/product_cat?post=4209"},{"taxonomy":"product_tag","embeddable":true,"href":"https:\/\/healthysuits.com\/it\/wp-json\/wp\/v2\/product_tag?post=4209"}],"curies":[{"name":"wp","href":"https:\/\/api.w.org\/{rel}","templated":true}]}}