{"id":4073,"date":"2025-10-01T16:29:07","date_gmt":"2025-10-01T14:29:07","guid":{"rendered":"https:\/\/healthysuits.com\/accessibilita\/"},"modified":"2025-10-01T16:46:22","modified_gmt":"2025-10-01T14:46:22","slug":"accessibilita","status":"publish","type":"page","link":"https:\/\/healthysuits.com\/it\/accessibilita\/","title":{"rendered":"Accessibilit\u00e0"},"content":{"rendered":"\n<p><strong>DICHIARAZIONE DI ACCESSIBILIT\u00c0<\/strong><\/p>\n\n\n\n<p>Questa dichiarazione di accessibilit\u00e0 si applica al sito web <a href=\"https:\/\/healthysuits.com\/it\/\">https:\/\/healthysuits.com\/<\/a> (i sottodomini di questo sito web avranno le proprie dichiarazioni di accessibilit\u00e0).<\/p>\n\n\n\n<p><strong>Stato di conformit\u00e0<\/strong><\/p>\n\n\n\n<p>Questo sito web \u00e8 <strong>parzialmente conforme<\/strong> al Decreto Reale 1112\/2018, del 7 settembre, a causa della non conformit\u00e0 dei seguenti aspetti.<\/p>\n\n\n\n<p><strong>Contenuto non accessibile<\/strong><br>Il contenuto elencato di seguito non \u00e8 accessibile a causa di quanto segue:<\/p>\n\n\n\n<p><strong>1. Mancata conformit\u00e0 con il Decreto Reale 1112\/2018, del 7 settembre: in <\/strong>alcune pagine web possono essere presenti errori di editing occasionali, sia nei contenuti HTML che nei documenti finali, pubblicati dopo il 20 settembre 2018 (data di entrata in vigore del Decreto Reale 1112\/2018, del 7 settembre). In particolare, possono verificarsi errori in quei documenti che contengono grafici, tabelle complesse o in quelli firmati elettronicamente prima della revisione dell&#8217;accessibilit\u00e0. <\/p>\n\n\n\n<p><strong>2. Onere sproporzionato: <\/strong>non applicabile.<\/p>\n\n\n\n<p>3. Contenuti <strong>che non rientrano nell&#8217;ambito di applicazione della normativa <\/strong>vigente: esistono file di ufficio in PDF o in altri formati pubblicati prima del 20 settembre 2018 che non soddisfano pienamente tutti i requisiti di accessibilit\u00e0; anche i contenuti di terze parti non finanziati, sviluppati o sotto il controllo di questo Ministero possono rientrare nell&#8217;ambito di applicazione della <strong>normativa <\/strong>vigente.<\/p>\n\n\n\n<p><strong>Preparazione della presente dichiarazione di accessibilit\u00e0<\/strong><\/p>\n\n\n\n<p>La presente dichiarazione \u00e8 stata redatta il 3 gennaio 2025.<\/p>\n\n\n\n<p>Il metodo utilizzato per preparare la dichiarazione \u00e8 stato un&#8217;autovalutazione effettuata dall&#8217;agenzia stessa.<\/p>\n\n\n\n<p>Ultima revisione della dichiarazione: 3 gennaio 2025.<br><br><strong>Osservazioni e contatti<\/strong><\/p>\n\n\n\n<p>\u00c8 possibile effettuare <strong>comunicazioni <\/strong>sui requisiti di accessibilit\u00e0 (articolo 10.2.a) della DGR 1112\/2018) come ad esempio:<\/p>\n\n\n\n<ul class=\"wp-block-list\">\n<li>segnalare qualsiasi possibile <strong>non conformit\u00e0 <\/strong>da parte di questo sito web<\/li>\n\n\n\n<li>trasmettere altre <strong>difficolt\u00e0 di accesso ai <\/strong>contenuti<\/li>\n\n\n\n<li>porre qualsiasi altra <strong>domanda o suggerire miglioramenti per <\/strong>quanto riguarda l&#8217;accessibilit\u00e0 del sito web<\/li>\n<\/ul>\n\n\n\n<p>Inviando un&#8217;e-mail a info@healtysuits.com o chiamando +34 695 288 973.<\/p>\n\n\n\n<p>\u00c8 possibile inviare:<\/p>\n\n\n\n<ul class=\"wp-block-list\">\n<li>un <strong>reclamo <\/strong>relativo al rispetto dei requisiti della DGR 1112\/2018 o<\/li>\n\n\n\n<li>una&nbsp;<strong>Solicitud de Informaci\u00f3n accesible&nbsp;<\/strong>relativa a:\n<ul class=\"wp-block-list\">\n<li>o <strong>contenuti <\/strong> <strong>esclusi <\/strong>dal <strong>campo di applicazione <\/strong>della DGR 1112\/2018 come stabilito dall&#8217;art. 3, comma 4<\/li>\n\n\n\n<li>o <strong>contenuti <\/strong>che <strong>sono <\/strong> <strong>esentati <\/strong>dai requisiti di accessibilit\u00e0 perch\u00e9 impongono un <strong>onere sproporzionato<\/strong>.<\/li>\n<\/ul>\n<\/li>\n<\/ul>\n\n\n\n<p>Le comunicazioni saranno ricevute ed elaborate da HEALTHY TECHNICAL SUITS, S.L in quanto responsabile dei contenuti di questo sito web.<br><br><strong>Procedura di candidatura<\/strong><\/p>\n\n\n\n<p>Attraverso questa procedura \u00e8 possibile avviare un reclamo per conoscere e opporsi alle ragioni del rifiuto di una richiesta di informazioni accessibili o di un reclamo, per richiedere l&#8217;adozione di misure appropriate nel caso in cui non si condivida la decisione adottata, o per esporre le ragioni per cui si ritiene che la risposta non soddisfi i requisiti.<br><br><strong>Contenuto facoltativo<\/strong><\/p>\n\n\n\n<p>La versione attualmente visibile di questo sito web \u00e8 datata gennaio 2025 e l&#8217;attuale livello di accessibilit\u00e0 \u00e8 stato rivisto a quella data.<\/p>\n\n\n\n<p>A partire da questa data, vengono effettuate revisioni giornaliere parziali dei contenuti web nuovi o modificati, sia dei modelli che delle pagine e dei documenti finali pubblicati, al fine di garantire la conformit\u00e0 ai requisiti di accessibilit\u00e0 della norma UNE-EN 301549:2019, tenendo conto delle eccezioni del Regio Decreto 1112\/2018, del 7 settembre.<\/p>\n\n\n\n<p>Per facilitare l&#8217;accessibilit\u00e0 vengono adottate, tra le altre, le seguenti misure:<\/p>\n\n\n\n<ul class=\"wp-block-list\">\n<li>Uso di testo alternativo sulle immagini<\/li>\n\n\n\n<li>I link forniscono dettagli sulla funzione o sulla destinazione del collegamento ipertestuale.<\/li>\n\n\n\n<li>Utilizzo degli standard W3C: HTML5, CSS, DOM, SVG.<\/li>\n<\/ul>\n","protected":false},"excerpt":{"rendered":"<p>DICHIARAZIONE DI ACCESSIBILIT\u00c0 Questa dichiarazione di accessibilit\u00e0 si applica al sito web https:\/\/healthysuits.com\/ (i sottodomini di questo sito web avranno le proprie dichiarazioni di accessibilit\u00e0). Stato di conformit\u00e0 Questo sito web \u00e8 parzialmente conforme al Decreto Reale 1112\/2018, del 7 settembre, a causa della non conformit\u00e0 dei seguenti aspetti. Contenuto non accessibileIl contenuto elencato di [&hellip;]<\/p>\n","protected":false},"author":1,"featured_media":0,"parent":0,"menu_order":6,"comment_status":"closed","ping_status":"closed","template":"","meta":{"_acf_changed":false,"footnotes":""},"class_list":["post-4073","page","type-page","status-publish","hentry"],"acf":[],"_links":{"self":[{"href":"https:\/\/healthysuits.com\/it\/wp-json\/wp\/v2\/pages\/4073","targetHints":{"allow":["GET"]}}],"collection":[{"href":"https:\/\/healthysuits.com\/it\/wp-json\/wp\/v2\/pages"}],"about":[{"href":"https:\/\/healthysuits.com\/it\/wp-json\/wp\/v2\/types\/page"}],"author":[{"embeddable":true,"href":"https:\/\/healthysuits.com\/it\/wp-json\/wp\/v2\/users\/1"}],"replies":[{"embeddable":true,"href":"https:\/\/healthysuits.com\/it\/wp-json\/wp\/v2\/comments?post=4073"}],"version-history":[{"count":2,"href":"https:\/\/healthysuits.com\/it\/wp-json\/wp\/v2\/pages\/4073\/revisions"}],"predecessor-version":[{"id":4088,"href":"https:\/\/healthysuits.com\/it\/wp-json\/wp\/v2\/pages\/4073\/revisions\/4088"}],"wp:attachment":[{"href":"https:\/\/healthysuits.com\/it\/wp-json\/wp\/v2\/media?parent=4073"}],"curies":[{"name":"wp","href":"https:\/\/api.w.org\/{rel}","templated":true}]}}