{"id":3756,"date":"2024-12-02T15:23:46","date_gmt":"2024-12-02T14:23:46","guid":{"rendered":"http:\/\/healthysuits.vl27225.dinaserver.com\/domande-frequenti\/"},"modified":"2025-04-15T14:52:57","modified_gmt":"2025-04-15T12:52:57","slug":"domande-frequenti","status":"publish","type":"page","link":"https:\/\/healthysuits.com\/it\/domande-frequenti\/","title":{"rendered":"Domande frequenti"},"content":{"rendered":"<script type=\"application\/ld+json\">\n    {\n      \"@context\": \"https:\/\/schema.org\",\n      \"@type\": \"FAQPage\",\n      \"mainEntity\": [{\n                \"@type\": \"Question\",\n                \"name\": \"\u00bfQu\u00e9 es un exoesqueleto?\",\n                \"acceptedAnswer\": {\n                    \"@type\": \"Answer\",\n                    \"text\": \"Un exoesqueleto es un dispositivo port\u00e1til que brinda asistencia f\u00edsica a los usuarios reduciendo la carga muscular y la fatiga originada por los trabajos y las tareas cotidianas. Los exoesqueletos facilitan tareas como levantar objetos pesados o mantenerse en posturas exigentes durante mucho tiempo. Se utilizan en entornos laborales como industria, log\u00edstica y construcci\u00f3n para mejorar la seguridad y la salud de las personas.\"\n                }\n            },{\n                \"@type\": \"Question\",\n                \"name\": \"\u00bfCu\u00e1les son los beneficios de usar un exoesqueleto?\",\n                \"acceptedAnswer\": {\n                    \"@type\": \"Answer\",\n                    \"text\": \"Los exoesqueletos ayudan a prevenir lesiones, reducen la fatiga y hacen que el trabajo f\u00edsico sea menos agotador. Gracias a los exoesqueletos podemos prevenir la aparici\u00f3n de las lesiones musculoesquel\u00e9ticas, as\u00ed como mejorar la ergonom\u00eda y salud laboral.\"\n                }\n            },{\n                \"@type\": \"Question\",\n                \"name\": \"\u00bfTodos los trabajadores pueden usar un exoesqueleto?\",\n                \"acceptedAnswer\": {\n                    \"@type\": \"Answer\",\n                    \"text\": \"Los exoesqueletos est\u00e1n dise\u00f1ados para adaptarse a diferentes tipos de usuario y tareas. Sin embargo, la selecci\u00f3n del modelo adecuado depende del tipo de trabajo realizado, de las caracter\u00edsticas del puesto de trabajo y del entorno laboral.\"\n                }\n            },{\n                \"@type\": \"Question\",\n                \"name\": \"\u00bfSon c\u00f3modos los exoesqueletos?\",\n                \"acceptedAnswer\": {\n                    \"@type\": \"Answer\",\n                    \"text\": \"Los dise\u00f1os modernos priorizan la comodidad y la facilidad de uso. Sin embargo, es importante elegir un modelo ergon\u00f3mico que sea compatible con el equipo de protecci\u00f3n personal y que pueda usarse durante toda la jornada laboral.\"\n                }\n            },{\n                \"@type\": \"Question\",\n                \"name\": \"\u00bfCu\u00e1nto tiempo es necesario para aprender a usar un exoesqueleto?\",\n                \"acceptedAnswer\": {\n                    \"@type\": \"Answer\",\n                    \"text\": \"No te preocupes, no es complicado. En general, la mayor\u00eda de los exoesqueletos se pueden aprender a usar en unas pocas horas con una capacitaci\u00f3n b\u00e1sica.\"\n                }\n            },{\n                \"@type\": \"Question\",\n                \"name\": \"\u00bfNecesitan mantenimiento los exoesqueletos?\",\n                \"acceptedAnswer\": {\n                    \"@type\": \"Answer\",\n                    \"text\": \"Nuestros exoesqueletos no requieren de un mantenimiento peri\u00f3dico. Simplemente realizar una limpieza regular, uso y almacenamiento adecuado. Otros exoesqueletos del mercado, requieren ajustes peri\u00f3dicos para poder garantizar su funcionamiento.\"\n                }\n            },{\n                \"@type\": \"Question\",\n                \"name\": \"\u00bfLos exoesqueletos funcionan en cualquier entorno laboral?\",\n                \"acceptedAnswer\": {\n                    \"@type\": \"Answer\",\n                    \"text\": \"Muchos modelos est\u00e1n dise\u00f1ados para resistir temperaturas extremas, humedad, polvo y otros factores ambientales. Es importante verificar la compatibilidad del exoesqueleto con el entorno de trabajo antes de su implementaci\u00f3n\"\n                }\n            },{\n                \"@type\": \"Question\",\n                \"name\": \"\u00bfC\u00f3mo afecta el uso de exoesqueletos a la productividad laboral?\",\n                \"acceptedAnswer\": {\n                    \"@type\": \"Answer\",\n                    \"text\": \"Estudios han demostrado que los exoesqueletos pueden mejorar la eficiencia al reducir la fatiga y el esfuerzo f\u00edsico, lo que permite a los trabajadores mantener su rendimiento durante toda la jornada laboral. El principal objetivo del uso de un exoesqueleto es mejorar y mantener una buena salud f\u00edsica del usuario durante el trabajo.\"\n                }\n            },{\n                \"@type\": \"Question\",\n                \"name\": \"\u00bfUn exoesqueleto incrementa nuestras capacidades?\",\n                \"acceptedAnswer\": {\n                    \"@type\": \"Answer\",\n                    \"text\": \"No. Un exoesqueleto nunca incrementar\u00e1 nuestras capacidades en el trabajo. Su verdadera funci\u00f3n es disminuir nuestro esfuerzo f\u00edsico en la realizaci\u00f3n de nuestras tareas cotidianas. Nuestra m\u00e1xima es; todo lo que no puedes realizar sin exoesqueleto no lo debes realizar usando un exoesqueleto.\"\n                }\n            },{\n                \"@type\": \"Question\",\n                \"name\": \"\u00bfSon muy caros los exoesqueletos?\",\n                \"acceptedAnswer\": {\n                    \"@type\": \"Answer\",\n                    \"text\": \"Hasta ahora, los precios de los exoesqueletos oscilaban entre los 3.500 \u20ac y 6000 \u20ac. Healthy Suits presenta los primeros exoesqueletos al alcance de todas las personas, profesionales y empresas. Los precios de nuestros dispositivos parten de 890 \u20ac hasta un m\u00e1ximo de 1.725 \u20ac, constituy\u00e9ndose como los exoesqueletos m\u00e1s funcionales y vendidos del mundo, con m\u00e1s de 30.000 unidades implantadas.\"\n                }\n}]\n}<\/script>\r\n<section id=\"faqs\" class=\"block-faqs py-8 lg:py-28\">\r\n\r\n    <div class=\"  max-w-[1166px] m-auto\">\r\n                        \r\n        <h1 class=\"mb-8 text-center\">Domande frequenti<\/h1>\r\n                    <dl class=\"accordion\">\r\n\r\n                \r\n                    <dt class=\"accordion__button text-base cursor-pointer font-normal pr-20 py-4 md:py-6 pl-6 md:pl-8 relative rounded-base bg-primary-100 text-primary rounded-custom\">\r\n                        Cos&#8217;\u00e8 l&#8217;esoscheletro?                    <\/dt>\r\n\r\n                    <dd class=\"accordion__content mb-2.5 mx-0 mt-0 px-8 text-base\">\r\n                        <div class=\"py-4\">\r\n                            <p>L&#8217;esoscheletro \u00e8 un dispositivo portatile che fornisce assistenza fisica agli utenti riducendo lo sforzo muscolare e l&#8217;affaticamento causato dai lavori e dalle attivit\u00e0 quotidiane. Gli esoscheletri facilitano compiti come il sollevamento di oggetti pesanti o la permanenza in posizioni impegnative per lunghi periodi di tempo. Vengono utilizzati in ambienti di lavoro come l&#8217;industria, la logistica e l&#8217;edilizia per migliorare la sicurezza e la salute delle persone.  <\/p>\n                        <\/div>\r\n                    <\/dd>\r\n\r\n                \r\n                    <dt class=\"accordion__button text-base cursor-pointer font-normal pr-20 py-4 md:py-6 pl-6 md:pl-8 relative rounded-base bg-primary-100 text-primary rounded-custom\">\r\n                        Quali sono i vantaggi dell&#8217;utilizzo di un esoscheletro?                    <\/dt>\r\n\r\n                    <dd class=\"accordion__content mb-2.5 mx-0 mt-0 px-8 text-base\">\r\n                        <div class=\"py-4\">\r\n                            <p>Gli esoscheletri aiutano a prevenire le lesioni, a ridurre la fatica e a rendere meno faticoso il lavoro fisico. Grazie agli esoscheletri possiamo prevenire l&#8217;insorgere di lesioni muscoloscheletriche, oltre a migliorare l&#8217;ergonomia e la salute sul lavoro. <\/p>\n                        <\/div>\r\n                    <\/dd>\r\n\r\n                \r\n                    <dt class=\"accordion__button text-base cursor-pointer font-normal pr-20 py-4 md:py-6 pl-6 md:pl-8 relative rounded-base bg-primary-100 text-primary rounded-custom\">\r\n                        Tutti i lavoratori possono indossare un esoscheletro?                    <\/dt>\r\n\r\n                    <dd class=\"accordion__content mb-2.5 mx-0 mt-0 px-8 text-base\">\r\n                        <div class=\"py-4\">\r\n                            <p>Gli esoscheletri sono progettati per adattarsi a diversi tipi di utenti e compiti. Tuttavia, la scelta del modello giusto dipende dal tipo di lavoro svolto, dalle caratteristiche del luogo e dell&#8217;ambiente di lavoro. <\/p>\n                        <\/div>\r\n                    <\/dd>\r\n\r\n                \r\n                    <dt class=\"accordion__button text-base cursor-pointer font-normal pr-20 py-4 md:py-6 pl-6 md:pl-8 relative rounded-base bg-primary-100 text-primary rounded-custom\">\r\n                        Gli esoscheletri sono comodi?                    <\/dt>\r\n\r\n                    <dd class=\"accordion__content mb-2.5 mx-0 mt-0 px-8 text-base\">\r\n                        <div class=\"py-4\">\r\n                            <p>I design moderni danno priorit\u00e0 al comfort e alla facilit\u00e0 d&#8217;uso. Tuttavia, \u00e8 importante scegliere un modello ergonomico che sia compatibile con i dispositivi di protezione individuale e che possa essere indossato per tutta la giornata lavorativa. <\/p>\n                        <\/div>\r\n                    <\/dd>\r\n\r\n                \r\n                    <dt class=\"accordion__button text-base cursor-pointer font-normal pr-20 py-4 md:py-6 pl-6 md:pl-8 relative rounded-base bg-primary-100 text-primary rounded-custom\">\r\n                        Quanto tempo ci vuole per imparare a usare un esoscheletro?                    <\/dt>\r\n\r\n                    <dd class=\"accordion__content mb-2.5 mx-0 mt-0 px-8 text-base\">\r\n                        <div class=\"py-4\">\r\n                            <p>Non preoccuparti, non \u00e8 complicato. In generale, la maggior parte degli esoscheletri pu\u00f2 essere utilizzata in poche ore con un addestramento di base. <\/p>\n                        <\/div>\r\n                    <\/dd>\r\n\r\n                \r\n                    <dt class=\"accordion__button text-base cursor-pointer font-normal pr-20 py-4 md:py-6 pl-6 md:pl-8 relative rounded-base bg-primary-100 text-primary rounded-custom\">\r\n                        Gli esoscheletri hanno bisogno di manutenzione?                    <\/dt>\r\n\r\n                    <dd class=\"accordion__content mb-2.5 mx-0 mt-0 px-8 text-base\">\r\n                        <div class=\"py-4\">\r\n                            <p>I nostri esoscheletri non richiedono una manutenzione regolare. \u00c8 sufficiente pulirli, usarli e conservarli correttamente. Altri esoscheletri presenti sul mercato richiedono regolazioni periodiche per garantirne la funzionalit\u00e0.  <\/p>\n                        <\/div>\r\n                    <\/dd>\r\n\r\n                \r\n                    <dt class=\"accordion__button text-base cursor-pointer font-normal pr-20 py-4 md:py-6 pl-6 md:pl-8 relative rounded-base bg-primary-100 text-primary rounded-custom\">\r\n                        Gli esoscheletri funzionano in qualsiasi ambiente di lavoro?                    <\/dt>\r\n\r\n                    <dd class=\"accordion__content mb-2.5 mx-0 mt-0 px-8 text-base\">\r\n                        <div class=\"py-4\">\r\n                            <p>Molti modelli sono progettati per resistere a temperature estreme, umidit\u00e0, polvere e altri fattori ambientali. \u00c8 importante verificare la compatibilit\u00e0 dell&#8217;esoscheletro con l&#8217;ambiente di lavoro prima di implementarlo. <\/p>\n                        <\/div>\r\n                    <\/dd>\r\n\r\n                \r\n                    <dt class=\"accordion__button text-base cursor-pointer font-normal pr-20 py-4 md:py-6 pl-6 md:pl-8 relative rounded-base bg-primary-100 text-primary rounded-custom\">\r\n                        In che modo l&#8217;uso di esoscheletri influisce sulla produttivit\u00e0 lavorativa?                    <\/dt>\r\n\r\n                    <dd class=\"accordion__content mb-2.5 mx-0 mt-0 px-8 text-base\">\r\n                        <div class=\"py-4\">\r\n                            <p>Gli studi hanno dimostrato che gli esoscheletri possono migliorare l&#8217;efficienza riducendo l&#8217;affaticamento e lo sforzo fisico, consentendo ai lavoratori di mantenere le loro prestazioni per tutta la giornata lavorativa. Lo scopo principale dell&#8217;utilizzo di un esoscheletro \u00e8 quello di migliorare e mantenere la salute fisica dell&#8217;utente durante il lavoro. <\/p>\n                        <\/div>\r\n                    <\/dd>\r\n\r\n                \r\n                    <dt class=\"accordion__button text-base cursor-pointer font-normal pr-20 py-4 md:py-6 pl-6 md:pl-8 relative rounded-base bg-primary-100 text-primary rounded-custom\">\r\n                        Un esoscheletro aumenta le nostre capacit\u00e0?                    <\/dt>\r\n\r\n                    <dd class=\"accordion__content mb-2.5 mx-0 mt-0 px-8 text-base\">\r\n                        <div class=\"py-4\">\r\n                            <p>No. Un esoscheletro non aumenter\u00e0 mai le nostre capacit\u00e0 sul lavoro. La sua vera funzione \u00e8 quella di diminuire il nostro sforzo fisico nello svolgimento delle attivit\u00e0 quotidiane. La nostra massima \u00e8: tutto ci\u00f2 che non puoi fare senza un esoscheletro, non dovresti farlo con un esoscheletro.   <\/p>\n                        <\/div>\r\n                    <\/dd>\r\n\r\n                \r\n                    <dt class=\"accordion__button text-base cursor-pointer font-normal pr-20 py-4 md:py-6 pl-6 md:pl-8 relative rounded-base bg-primary-100 text-primary rounded-custom\">\r\n                        Gli esoscheletri sono troppo costosi?                    <\/dt>\r\n\r\n                    <dd class=\"accordion__content mb-2.5 mx-0 mt-0 px-8 text-base\">\r\n                        <div class=\"py-4\">\r\n                            <p>Finora i prezzi degli esoscheletri variavano da 3.500 a 6.000 euro. Healthy Suits presenta i primi esoscheletri alla portata di tutti, professionisti e aziende. I prezzi dei nostri dispositivi partono da 890\u20ac fino a un massimo di 1.725\u20ac, rendendoli gli esoscheletri pi\u00f9 funzionali e pi\u00f9 venduti al mondo, con oltre 30.000 unit\u00e0 impiantate.  <\/p>\n                        <\/div>\r\n                    <\/dd>\r\n\r\n                \r\n            <\/dl>\r\n\r\n        \r\n    <\/div>\r\n\r\n<\/section>","protected":false},"excerpt":{"rendered":"","protected":false},"author":1,"featured_media":0,"parent":0,"menu_order":35,"comment_status":"closed","ping_status":"closed","template":"","meta":{"_acf_changed":false,"footnotes":""},"class_list":["post-3756","page","type-page","status-publish","hentry"],"acf":[],"_links":{"self":[{"href":"https:\/\/healthysuits.com\/it\/wp-json\/wp\/v2\/pages\/3756","targetHints":{"allow":["GET"]}}],"collection":[{"href":"https:\/\/healthysuits.com\/it\/wp-json\/wp\/v2\/pages"}],"about":[{"href":"https:\/\/healthysuits.com\/it\/wp-json\/wp\/v2\/types\/page"}],"author":[{"embeddable":true,"href":"https:\/\/healthysuits.com\/it\/wp-json\/wp\/v2\/users\/1"}],"replies":[{"embeddable":true,"href":"https:\/\/healthysuits.com\/it\/wp-json\/wp\/v2\/comments?post=3756"}],"version-history":[{"count":1,"href":"https:\/\/healthysuits.com\/it\/wp-json\/wp\/v2\/pages\/3756\/revisions"}],"predecessor-version":[{"id":3758,"href":"https:\/\/healthysuits.com\/it\/wp-json\/wp\/v2\/pages\/3756\/revisions\/3758"}],"wp:attachment":[{"href":"https:\/\/healthysuits.com\/it\/wp-json\/wp\/v2\/media?parent=3756"}],"curies":[{"name":"wp","href":"https:\/\/api.w.org\/{rel}","templated":true}]}}