{"id":4496,"date":"2026-03-05T15:51:38","date_gmt":"2026-03-05T14:51:38","guid":{"rendered":"https:\/\/healthysuits.com\/muscle-suit-cool-vest\/"},"modified":"2026-03-17T09:45:59","modified_gmt":"2026-03-17T08:45:59","slug":"muscle-suit-cool-vest","status":"publish","type":"product","link":"https:\/\/healthysuits.com\/fr\/muscle-suit-cool-vest\/","title":{"rendered":"Muscle Suit Cool <strong> Vest <\/strong>"},"content":{"rendered":"","protected":false},"excerpt":{"rendered":"<p>D\u00e9couvrez l&rsquo;innovation en mati\u00e8re de v\u00eatements de travail et fonctionnels avec le nouveau <strong>Muscle Suit Cool Vest<\/strong>. Sp\u00e9cialement con\u00e7u pour les environnements tr\u00e8s chauds, ce v\u00eatement intelligent combine une ing\u00e9nierie de pointe et une ergonomie optimale pour vous permettre de rester au frais, en s\u00e9curit\u00e9 et productif, quelle que soit la temp\u00e9rature ext\u00e9rieure.<br \/>\nGr\u00e2ce \u00e0 son syst\u00e8me hybride, il ventile non seulement, mais refroidit aussi activement les zones critiques du corps, offrant une sensation thermique in\u00e9gal\u00e9e, m\u00eame pendant les longues journ\u00e9es de travail.<\/p>\n","protected":false},"featured_media":4392,"comment_status":"closed","ping_status":"closed","template":"","meta":{"_acf_changed":false},"product_brand":[],"product_cat":[119],"product_tag":[],"class_list":{"0":"post-4496","1":"product","2":"type-product","3":"status-publish","4":"has-post-thumbnail","6":"product_cat-exosquelettes","8":"first","9":"instock","10":"taxable","11":"shipping-taxable","12":"purchasable","13":"product-type-variable"},"acf":[],"_links":{"self":[{"href":"https:\/\/healthysuits.com\/fr\/wp-json\/wp\/v2\/product\/4496","targetHints":{"allow":["GET"]}}],"collection":[{"href":"https:\/\/healthysuits.com\/fr\/wp-json\/wp\/v2\/product"}],"about":[{"href":"https:\/\/healthysuits.com\/fr\/wp-json\/wp\/v2\/types\/product"}],"replies":[{"embeddable":true,"href":"https:\/\/healthysuits.com\/fr\/wp-json\/wp\/v2\/comments?post=4496"}],"wp:featuredmedia":[{"embeddable":true,"href":"https:\/\/healthysuits.com\/fr\/wp-json\/wp\/v2\/media\/4392"}],"wp:attachment":[{"href":"https:\/\/healthysuits.com\/fr\/wp-json\/wp\/v2\/media?parent=4496"}],"wp:term":[{"taxonomy":"product_brand","embeddable":true,"href":"https:\/\/healthysuits.com\/fr\/wp-json\/wp\/v2\/product_brand?post=4496"},{"taxonomy":"product_cat","embeddable":true,"href":"https:\/\/healthysuits.com\/fr\/wp-json\/wp\/v2\/product_cat?post=4496"},{"taxonomy":"product_tag","embeddable":true,"href":"https:\/\/healthysuits.com\/fr\/wp-json\/wp\/v2\/product_tag?post=4496"}],"curies":[{"name":"wp","href":"https:\/\/api.w.org\/{rel}","templated":true}]}}