{"id":4411,"date":"2026-03-05T16:48:20","date_gmt":"2026-03-05T15:48:20","guid":{"rendered":"https:\/\/healthysuits.com\/?post_type=product&#038;p=4411"},"modified":"2026-03-17T09:20:17","modified_gmt":"2026-03-17T08:20:17","slug":"muscle-suit-gs-arm-copia","status":"publish","type":"product","link":"https:\/\/healthysuits.com\/fr\/muscle-suit-gs-arm-copia\/","title":{"rendered":"Semelles<strong> Ergonomiques <br><\/strong>"},"content":{"rendered":"","protected":false},"excerpt":{"rendered":"<p>Un confort qui dynamise votre journ\u00e9e. Marchez mieux, ressentez la diff\u00e9rence et r\u00e9duisez la fatigue de vos pieds ainsi que la charge sur vos jambes. Le m\u00e9canisme Windlass guide le pied vers un \u00e9quilibre id\u00e9al et r\u00e9duit la charge. Les semelles orthop\u00e9diques sont utiles dans de nombreuses situations : au quotidien, au travail et pendant le sport.<\/p>\n","protected":false},"featured_media":4657,"comment_status":"closed","ping_status":"closed","template":"","meta":{"_acf_changed":false},"product_brand":[],"product_cat":[114],"product_tag":[],"class_list":{"0":"post-4411","1":"product","2":"type-product","3":"status-publish","4":"has-post-thumbnail","6":"product_cat-accessoires-ergonomiques","8":"first","9":"instock","10":"taxable","11":"shipping-taxable","12":"purchasable","13":"product-type-variable"},"acf":[],"_links":{"self":[{"href":"https:\/\/healthysuits.com\/fr\/wp-json\/wp\/v2\/product\/4411","targetHints":{"allow":["GET"]}}],"collection":[{"href":"https:\/\/healthysuits.com\/fr\/wp-json\/wp\/v2\/product"}],"about":[{"href":"https:\/\/healthysuits.com\/fr\/wp-json\/wp\/v2\/types\/product"}],"replies":[{"embeddable":true,"href":"https:\/\/healthysuits.com\/fr\/wp-json\/wp\/v2\/comments?post=4411"}],"wp:featuredmedia":[{"embeddable":true,"href":"https:\/\/healthysuits.com\/fr\/wp-json\/wp\/v2\/media\/4657"}],"wp:attachment":[{"href":"https:\/\/healthysuits.com\/fr\/wp-json\/wp\/v2\/media?parent=4411"}],"wp:term":[{"taxonomy":"product_brand","embeddable":true,"href":"https:\/\/healthysuits.com\/fr\/wp-json\/wp\/v2\/product_brand?post=4411"},{"taxonomy":"product_cat","embeddable":true,"href":"https:\/\/healthysuits.com\/fr\/wp-json\/wp\/v2\/product_cat?post=4411"},{"taxonomy":"product_tag","embeddable":true,"href":"https:\/\/healthysuits.com\/fr\/wp-json\/wp\/v2\/product_tag?post=4411"}],"curies":[{"name":"wp","href":"https:\/\/api.w.org\/{rel}","templated":true}]}}