{"id":4207,"date":"2026-02-09T16:07:56","date_gmt":"2026-02-09T15:07:56","guid":{"rendered":"https:\/\/healthysuits.com\/?post_type=product&#038;p=4207"},"modified":"2026-03-17T11:17:33","modified_gmt":"2026-03-17T10:17:33","slug":"muscle-suit-easy-lift","status":"publish","type":"product","link":"https:\/\/healthysuits.com\/fr\/muscle-suit-easy-lift\/","title":{"rendered":"Muscle <strong>Suit Easy Lift<\/strong>"},"content":{"rendered":"","protected":false},"excerpt":{"rendered":"<p><strong>Le premier exosquelette con\u00e7u pour une utilisation domestique.<\/strong><\/p>\n<p>Le Muscle Suit Soft\u2011Power EASY\u2011LIFT marque un tournant dans l&rsquo;ergonomie quotidienne : c&rsquo;est <strong>le premier exosquelette cr\u00e9\u00e9 sp\u00e9cifiquement pour les t\u00e2ches domestiques et les activit\u00e9s quotidiennes<\/strong>, offrant un soutien lombaire l\u00e9ger, accessible et extr\u00eamement facile \u00e0 utiliser.<\/p>\n<p>Il fait partie de la c\u00e9l\u00e8bre s\u00e9rie Muscle Suit, mais avec une approche totalement nouvelle : <strong>simplicit\u00e9, l\u00e9g\u00e8ret\u00e9 et accessibilit\u00e9 pour tout le monde<\/strong>, sans besoin d&rsquo;exp\u00e9rience pr\u00e9alable ni d&rsquo;\u00e9quipement professionnel.<\/p>\n<p>Ce mod\u00e8le <strong>n&rsquo;est pas destin\u00e9 \u00e0 un usage th\u00e9rapeutique<\/strong> et <strong>n&rsquo;augmente pas la force au-del\u00e0 des capacit\u00e9s de l&rsquo;utilisateur<\/strong>. Sa fonction est de r\u00e9duire la tension lombaire et d&rsquo;am\u00e9liorer la posture lors des activit\u00e9s habituelles.<\/p>\n<p>Les applications de l&rsquo;exosquelette lombaire Muscle Suit Easy Lift sont infinies, \u00e9tant d&rsquo;une grande utilit\u00e9 pour les t\u00e2ches domestiques et de nettoyage, les soins et l&rsquo;assistance, les petites t\u00e2ches de bricolage, l&rsquo;assemblage et le chargement, le jardinage et l&rsquo;agriculture, ainsi que pour toutes les activit\u00e9s quotidiennes n\u00e9cessitant une grande mobilit\u00e9, ainsi que les t\u00e2ches o\u00f9 nous maintenons une inclinaison constante du tronc.<\/p>\n","protected":false},"featured_media":4213,"comment_status":"closed","ping_status":"closed","template":"","meta":{"_acf_changed":false},"product_brand":[],"product_cat":[119],"product_tag":[],"class_list":{"0":"post-4207","1":"product","2":"type-product","3":"status-publish","4":"has-post-thumbnail","6":"product_cat-exosquelettes","8":"first","9":"instock","10":"taxable","11":"shipping-taxable","12":"purchasable","13":"product-type-variable"},"acf":[],"_links":{"self":[{"href":"https:\/\/healthysuits.com\/fr\/wp-json\/wp\/v2\/product\/4207","targetHints":{"allow":["GET"]}}],"collection":[{"href":"https:\/\/healthysuits.com\/fr\/wp-json\/wp\/v2\/product"}],"about":[{"href":"https:\/\/healthysuits.com\/fr\/wp-json\/wp\/v2\/types\/product"}],"replies":[{"embeddable":true,"href":"https:\/\/healthysuits.com\/fr\/wp-json\/wp\/v2\/comments?post=4207"}],"wp:featuredmedia":[{"embeddable":true,"href":"https:\/\/healthysuits.com\/fr\/wp-json\/wp\/v2\/media\/4213"}],"wp:attachment":[{"href":"https:\/\/healthysuits.com\/fr\/wp-json\/wp\/v2\/media?parent=4207"}],"wp:term":[{"taxonomy":"product_brand","embeddable":true,"href":"https:\/\/healthysuits.com\/fr\/wp-json\/wp\/v2\/product_brand?post=4207"},{"taxonomy":"product_cat","embeddable":true,"href":"https:\/\/healthysuits.com\/fr\/wp-json\/wp\/v2\/product_cat?post=4207"},{"taxonomy":"product_tag","embeddable":true,"href":"https:\/\/healthysuits.com\/fr\/wp-json\/wp\/v2\/product_tag?post=4207"}],"curies":[{"name":"wp","href":"https:\/\/api.w.org\/{rel}","templated":true}]}}