{"id":3446,"date":"2024-11-25T11:56:19","date_gmt":"2024-11-25T10:56:19","guid":{"rendered":"http:\/\/healthysuits.vl27225.dinaserver.com\/producto\/muscle-suit-every\/"},"modified":"2026-03-17T09:46:53","modified_gmt":"2026-03-17T08:46:53","slug":"muscle-suit-every","status":"publish","type":"product","link":"https:\/\/healthysuits.com\/fr\/muscle-suit-every\/","title":{"rendered":"Muscle <strong>Suit Every<\/strong>"},"content":{"rendered":"","protected":false},"excerpt":{"rendered":"<h3>L\u00e9ger, simple, puissant et \u00e9conomique<\/h3>\n<p>Muscle Suit Every est un exosquelette innovant et enti\u00e8rement autonome qui utilise des muscles artificiels activ\u00e9s par pression pneumatique et qui ne n\u00e9cessite aucune alimentation externe.<\/p>\n<p>Mucle Suit Every est un \u00e9quipement de musculation assist\u00e9e qui am\u00e9liore la qualit\u00e9 de vie des personnes, en apportant sant\u00e9 et bien-\u00eatre \u00e0 leur colonne vert\u00e9brale.<\/p>\n<p>Les applications de l&rsquo;exosquelette Muscle Suit Every sont \u00e9normes. Il est tr\u00e8s utile dans les travaux impliquant la manipulation de charges lourdes, des postures inconfortables et r\u00e9currentes, le travail dans les cha\u00eenes de production et d&rsquo;assemblage, le stockage, la logistique, le transport, l&rsquo;agriculture et les transferts ou la mobilisation de patients dans le secteur socio-sanitaire, les personnes d\u00e9pendantes ou les soins aux personnes \u00e2g\u00e9es, etc.<\/p>\n","protected":false},"featured_media":1704,"comment_status":"closed","ping_status":"closed","template":"","meta":{"_acf_changed":false},"product_brand":[],"product_cat":[119],"product_tag":[],"class_list":{"0":"post-3446","1":"product","2":"type-product","3":"status-publish","4":"has-post-thumbnail","6":"product_cat-exosquelettes","8":"first","9":"instock","10":"taxable","11":"shipping-taxable","12":"purchasable","13":"product-type-variable"},"acf":[],"_links":{"self":[{"href":"https:\/\/healthysuits.com\/fr\/wp-json\/wp\/v2\/product\/3446","targetHints":{"allow":["GET"]}}],"collection":[{"href":"https:\/\/healthysuits.com\/fr\/wp-json\/wp\/v2\/product"}],"about":[{"href":"https:\/\/healthysuits.com\/fr\/wp-json\/wp\/v2\/types\/product"}],"replies":[{"embeddable":true,"href":"https:\/\/healthysuits.com\/fr\/wp-json\/wp\/v2\/comments?post=3446"}],"wp:featuredmedia":[{"embeddable":true,"href":"https:\/\/healthysuits.com\/fr\/wp-json\/wp\/v2\/media\/1704"}],"wp:attachment":[{"href":"https:\/\/healthysuits.com\/fr\/wp-json\/wp\/v2\/media?parent=3446"}],"wp:term":[{"taxonomy":"product_brand","embeddable":true,"href":"https:\/\/healthysuits.com\/fr\/wp-json\/wp\/v2\/product_brand?post=3446"},{"taxonomy":"product_cat","embeddable":true,"href":"https:\/\/healthysuits.com\/fr\/wp-json\/wp\/v2\/product_cat?post=3446"},{"taxonomy":"product_tag","embeddable":true,"href":"https:\/\/healthysuits.com\/fr\/wp-json\/wp\/v2\/product_tag?post=3446"}],"curies":[{"name":"wp","href":"https:\/\/api.w.org\/{rel}","templated":true}]}}