{"id":3443,"date":"2024-11-25T11:56:18","date_gmt":"2024-11-25T10:56:18","guid":{"rendered":"http:\/\/healthysuits.vl27225.dinaserver.com\/producto\/combinaison-musclee-soft-power\/"},"modified":"2026-03-17T09:48:09","modified_gmt":"2026-03-17T08:48:09","slug":"muscle-suit-soft-power","status":"publish","type":"product","link":"https:\/\/healthysuits.com\/fr\/muscle-suit-soft-power\/","title":{"rendered":"Muscle <strong>Suit Soft Power<\/strong>"},"content":{"rendered":"","protected":false},"excerpt":{"rendered":"<h3>Ultral\u00e9ger, simple, efficace et \u00e9conomique<\/h3>\n<p>Muscle Suit Soft-Power est un exosquelette lombaire innovant et fonctionnel, qui utilise des muscles artificiels pour fournir un soutien et r\u00e9duire les tensions lombaires ainsi que les risques ergonomiques. Cet <strong data-start=\"422\" data-end=\"450\">exosquelette pour le dos<\/strong> a \u00e9t\u00e9 con\u00e7u pour offrir une assistance flexible et continue dans les t\u00e2ches exigeantes.<\/p>\n<p>Un exosquelette dos ultra-l\u00e9ger, id\u00e9al pour des t\u00e2ches n\u00e9cessitant des corrections posturales ou des manipulations de charges impliquant une grande mobilit\u00e9 et un dynamisme \u00e9lev\u00e9. Gr\u00e2ce \u00e0 sa grande libert\u00e9 de mouvement, cet exosquelette pour le dos permet de conduire un chariot \u00e9l\u00e9vateur, un transpalette \u00e9lectrique ou m\u00eame une camionnette de livraison sans avoir \u00e0 le retirer, offrant ainsi un soutien lombaire constant.<\/p>\n<p>Les applications de l\u2019exosquelette Muscle Suit Soft-Power sont nombreuses, \u00e9tant tr\u00e8s utiles dans les travaux de manutention de charges, les postures inconfortables ou r\u00e9currentes, le travail sur les cha\u00eenes de production et d\u2019assemblage, le stockage, la maintenance, la logistique, la pr\u00e9paration manuelle des commandes, le transport et la livraison, l\u2019agriculture, le jardinage, ou encore les activit\u00e9s du secteur social et sanitaire. Il assure un d\u00e9chargement et un soutien lombaire efficace en position assise, compatible avec la conduite ou le travail de bureau, ainsi que dans d\u2019innombrables t\u00e2ches du quotidien.<\/p>\n","protected":false},"featured_media":3222,"comment_status":"closed","ping_status":"closed","template":"","meta":{"_acf_changed":false},"product_brand":[],"product_cat":[119],"product_tag":[],"class_list":{"0":"post-3443","1":"product","2":"type-product","3":"status-publish","4":"has-post-thumbnail","6":"product_cat-exosquelettes","8":"first","9":"instock","10":"taxable","11":"shipping-taxable","12":"purchasable","13":"product-type-variable"},"acf":[],"_links":{"self":[{"href":"https:\/\/healthysuits.com\/fr\/wp-json\/wp\/v2\/product\/3443","targetHints":{"allow":["GET"]}}],"collection":[{"href":"https:\/\/healthysuits.com\/fr\/wp-json\/wp\/v2\/product"}],"about":[{"href":"https:\/\/healthysuits.com\/fr\/wp-json\/wp\/v2\/types\/product"}],"replies":[{"embeddable":true,"href":"https:\/\/healthysuits.com\/fr\/wp-json\/wp\/v2\/comments?post=3443"}],"wp:featuredmedia":[{"embeddable":true,"href":"https:\/\/healthysuits.com\/fr\/wp-json\/wp\/v2\/media\/3222"}],"wp:attachment":[{"href":"https:\/\/healthysuits.com\/fr\/wp-json\/wp\/v2\/media?parent=3443"}],"wp:term":[{"taxonomy":"product_brand","embeddable":true,"href":"https:\/\/healthysuits.com\/fr\/wp-json\/wp\/v2\/product_brand?post=3443"},{"taxonomy":"product_cat","embeddable":true,"href":"https:\/\/healthysuits.com\/fr\/wp-json\/wp\/v2\/product_cat?post=3443"},{"taxonomy":"product_tag","embeddable":true,"href":"https:\/\/healthysuits.com\/fr\/wp-json\/wp\/v2\/product_tag?post=3443"}],"curies":[{"name":"wp","href":"https:\/\/api.w.org\/{rel}","templated":true}]}}