{"id":3442,"date":"2025-02-03T13:27:55","date_gmt":"2025-02-03T12:27:55","guid":{"rendered":"http:\/\/healthysuits.vl27225.dinaserver.com\/producto\/combinaison-musculaire-gs-arm\/"},"modified":"2026-03-17T10:58:58","modified_gmt":"2026-03-17T09:58:58","slug":"muscle-suit-gs-arm","status":"publish","type":"product","link":"https:\/\/healthysuits.com\/fr\/muscle-suit-gs-arm\/","title":{"rendered":"Muscle <strong>Suit GS-Arm<br><\/strong>"},"content":{"rendered":"","protected":false},"excerpt":{"rendered":"<h3>Soutien, simplicit\u00e9, l\u00e9g\u00e8ret\u00e9 et \u00e9conomie<\/h3>\n<p>Soutien sans restriction \u00e0 tout mouvement<\/p>\n<p>Muscle Suit Arm est un exosquelette bras et \u00e9paule innovant et r\u00e9volutionnaire, enti\u00e8rement autonome, qui soutient les bras \u00e0 des angles de travail de 90\u00b0 \u00e0 150\u00b0. En plus de sa forte assistance, cet exosquelette bras et \u00e9paule permet de soutenir une large gamme de mouvements et de soutenir les bras lors de mouvements verticaux, horizontaux et diagonaux gr\u00e2ce \u00e0 sa large gamme d&rsquo;intensit\u00e9 et d&rsquo;assistance.<\/p>\n<p>Les applications de l\u2019exosquelette Muscle Suit GS Arm sont \u00e9normes, \u00e9tant d\u2019une grande utilit\u00e9 dans le travail industriel, l\u2019assemblage et l\u2019installation dans la construction et\/ou le travail professionnel, les t\u00e2ches de r\u00e9colte dans l\u2019agriculture, ainsi que dans toute situation o\u00f9 les membres sup\u00e9rieurs doivent \u00eatre maintenus bras en l&rsquo;air de mani\u00e8re soutenue ou r\u00e9currente.<br \/>\nCe soutien continu de l\u2019\u00e9paule et du bras est particuli\u00e8rement utile, par exemple, pour peintres, paysagiste, BTP, lors d\u2019op\u00e9rations et de chirurgies dans les h\u00f4pitaux, o\u00f9 l\u2019assistance au maintien des bras et de l\u2019\u00e9paule devient indispensable.<\/p>\n","protected":false},"featured_media":2715,"comment_status":"closed","ping_status":"closed","template":"","meta":{"_acf_changed":false},"product_brand":[],"product_cat":[119],"product_tag":[],"class_list":{"0":"post-3442","1":"product","2":"type-product","3":"status-publish","4":"has-post-thumbnail","6":"product_cat-exosquelettes","8":"first","9":"instock","10":"taxable","11":"shipping-taxable","12":"product-type-simple"},"acf":[],"_links":{"self":[{"href":"https:\/\/healthysuits.com\/fr\/wp-json\/wp\/v2\/product\/3442","targetHints":{"allow":["GET"]}}],"collection":[{"href":"https:\/\/healthysuits.com\/fr\/wp-json\/wp\/v2\/product"}],"about":[{"href":"https:\/\/healthysuits.com\/fr\/wp-json\/wp\/v2\/types\/product"}],"replies":[{"embeddable":true,"href":"https:\/\/healthysuits.com\/fr\/wp-json\/wp\/v2\/comments?post=3442"}],"wp:featuredmedia":[{"embeddable":true,"href":"https:\/\/healthysuits.com\/fr\/wp-json\/wp\/v2\/media\/2715"}],"wp:attachment":[{"href":"https:\/\/healthysuits.com\/fr\/wp-json\/wp\/v2\/media?parent=3442"}],"wp:term":[{"taxonomy":"product_brand","embeddable":true,"href":"https:\/\/healthysuits.com\/fr\/wp-json\/wp\/v2\/product_brand?post=3442"},{"taxonomy":"product_cat","embeddable":true,"href":"https:\/\/healthysuits.com\/fr\/wp-json\/wp\/v2\/product_cat?post=3442"},{"taxonomy":"product_tag","embeddable":true,"href":"https:\/\/healthysuits.com\/fr\/wp-json\/wp\/v2\/product_tag?post=3442"}],"curies":[{"name":"wp","href":"https:\/\/api.w.org\/{rel}","templated":true}]}}