{"id":4072,"date":"2025-10-01T16:29:07","date_gmt":"2025-10-01T14:29:07","guid":{"rendered":"https:\/\/healthysuits.com\/accessibilite\/"},"modified":"2025-10-01T16:45:04","modified_gmt":"2025-10-01T14:45:04","slug":"accessibilite","status":"publish","type":"page","link":"https:\/\/healthysuits.com\/fr\/accessibilite\/","title":{"rendered":"Accessibilit\u00e9"},"content":{"rendered":"\n<p><strong>D\u00c9CLARATION D&rsquo;ACCESSIBILIT\u00c9<\/strong><\/p>\n\n\n\n<p>La pr\u00e9sente d\u00e9claration d&rsquo;accessibilit\u00e9 s&rsquo;applique au site web <a href=\"https:\/\/advocats.net\/\" target=\"_blank\" rel=\"noopener\">https:\/\/<\/a><a href=\"https:\/\/healthysuits.com\/fr\/\">healthysuits.com<\/a><a href=\"https:\/\/advocats.net\/\" target=\"_blank\" rel=\"noopener\">\/<\/a> (les sous-domaines de ce site web auront leurs propres d\u00e9clarations d&rsquo;accessibilit\u00e9).<\/p>\n\n\n\n<p><strong>\u00c9tat de conformit\u00e9<\/strong><\/p>\n\n\n\n<p>Ce site web est <strong>partiellement conforme<\/strong> au d\u00e9cret royal 1112\/2018, du 7 septembre, en raison de la non-conformit\u00e9 des aspects suivants.<\/p>\n\n\n\n<p><strong>Contenu non accessible<\/strong><br>Le contenu \u00e9num\u00e9r\u00e9 ci-dessous n&rsquo;est pas accessible pour les raisons suivantes :<\/p>\n\n\n\n<p><strong>1) Non-conformit\u00e9 avec le d\u00e9cret royal 1112\/2018, du 7 septembre : <\/strong>il peut y avoir des erreurs d&rsquo;\u00e9dition occasionnelles sur certaines pages web, \u00e0 la fois dans le contenu HTML et dans les documents finaux, publi\u00e9s apr\u00e8s le 20 septembre 2018 (date d&rsquo;entr\u00e9e en vigueur du d\u00e9cret royal 1112\/2018, du 7 septembre). Plus pr\u00e9cis\u00e9ment, il peut y avoir des erreurs dans les documents contenant des graphiques, des tableaux complexes ou dans ceux sign\u00e9s \u00e9lectroniquement avant leur examen d&rsquo;accessibilit\u00e9. <\/p>\n\n\n\n<p><strong>2. Charge disproportionn\u00e9e : <\/strong>sans objet.<\/p>\n\n\n\n<p>3. Contenu <strong>n&rsquo;entrant pas dans le champ d&rsquo;application de la l\u00e9gislation <\/strong>applicable : il existe des fichiers bureautiques au format PDF ou dans d&rsquo;autres formats publi\u00e9s avant le 20 septembre 2018 qui ne sont pas enti\u00e8rement conformes \u00e0 toutes les exigences en mati\u00e8re d&rsquo;accessibilit\u00e9 ; le contenu de tiers qui n&rsquo;est pas financ\u00e9, d\u00e9velopp\u00e9 ou contr\u00f4l\u00e9 par ce minist\u00e8re peut \u00e9galement se trouver dans cette situation.<\/p>\n\n\n\n<p><strong>Pr\u00e9paration de la pr\u00e9sente d\u00e9claration d&rsquo;accessibilit\u00e9<\/strong><\/p>\n\n\n\n<p>Cette d\u00e9claration a \u00e9t\u00e9 pr\u00e9par\u00e9e le 3 janvier 2025.<\/p>\n\n\n\n<p>La m\u00e9thode utilis\u00e9e pour pr\u00e9parer la d\u00e9claration est une auto-\u00e9valuation r\u00e9alis\u00e9e par l&rsquo;agence elle-m\u00eame.<\/p>\n\n\n\n<p>Derni\u00e8re r\u00e9vision de la d\u00e9claration : 3 janvier 2025.<br><br><strong>Remarques et coordonn\u00e9es<\/strong><\/p>\n\n\n\n<p>Vous pouvez faire des <strong>communications <\/strong>sur les exigences en mati\u00e8re d&rsquo;accessibilit\u00e9 (article 10.2.a) du RD 1112\/2018) telles que<\/p>\n\n\n\n<ul class=\"wp-block-list\">\n<li>signaler tout cas \u00e9ventuel de <strong>non-respect des r\u00e8gles <\/strong>par ce site web<\/li>\n\n\n\n<li>transmettre d&rsquo;autres <strong>difficult\u00e9s d&rsquo;acc\u00e8s au <\/strong>contenu<\/li>\n\n\n\n<li>poser toute autre <strong>question ou <\/strong>faire toute <strong>suggestion d&rsquo;am\u00e9lioration <\/strong>concernant l&rsquo;accessibilit\u00e9 du site web<\/li>\n<\/ul>\n\n\n\n<p>En envoyant un courriel \u00e0 info@healtysuits.com ou en appelant +34 695 288 973.<\/p>\n\n\n\n<p>Vous pouvez soumettre votre candidature :<\/p>\n\n\n\n<ul class=\"wp-block-list\">\n<li>une <strong>plainte <\/strong>concernant le respect des exigences du RD 1112\/2018 ou<\/li>\n\n\n\n<li>una&nbsp;<strong>Solicitud de Informaci\u00f3n accesible&nbsp;<\/strong>relativa a:\n<ul class=\"wp-block-list\">\n<li>o le <strong>contenu <\/strong>qui est <strong>exclu <\/strong>du <strong>champ d&rsquo;application <\/strong>du RD 1112\/2018, conform\u00e9ment \u00e0 l&rsquo;article 3, paragraphe 4.<\/li>\n\n\n\n<li>ou le <strong>contenu <\/strong>qui <strong>est <\/strong> <strong>exempt\u00e9 des <\/strong>exigences d&rsquo;accessibilit\u00e9 parce qu&rsquo;il impose une <strong>charge disproportionn\u00e9e<\/strong>.<\/li>\n<\/ul>\n<\/li>\n<\/ul>\n\n\n\n<p>Les communications seront re\u00e7ues et trait\u00e9es par HEALTHY TECHNICAL SUITS, S.L en tant que partie responsable du contenu de ce site web.<br><br><strong>Proc\u00e9dure de candidature<\/strong><\/p>\n\n\n\n<p>Cette proc\u00e9dure vous permet de d\u00e9poser une plainte pour conna\u00eetre et contester les raisons du rejet d&rsquo;une demande d&rsquo;informations accessibles ou d&rsquo;une plainte, pour demander l&rsquo;adoption de mesures appropri\u00e9es si vous n&rsquo;\u00eates pas d&rsquo;accord avec la d\u00e9cision adopt\u00e9e, ou pour indiquer les raisons pour lesquelles vous consid\u00e9rez que la r\u00e9ponse n&rsquo;est pas conforme aux exigences.<br><br><strong>Contenu facultatif<\/strong><\/p>\n\n\n\n<p>La version actuellement visible de ce site web date de janvier 2025 et le niveau d&rsquo;accessibilit\u00e9 actuel a \u00e9t\u00e9 r\u00e9vis\u00e9 \u00e0 cette date.<\/p>\n\n\n\n<p>\u00c0 partir de cette date, des examens partiels quotidiens sont effectu\u00e9s sur les contenus web nouveaux ou modifi\u00e9s, tant sur les mod\u00e8les que sur les pages et documents finaux publi\u00e9s, afin de garantir le respect des exigences d&rsquo;accessibilit\u00e9 de la norme UNE-EN 301549:2019, compte tenu des exceptions du d\u00e9cret royal 1112\/2018, du 7 septembre.<\/p>\n\n\n\n<p>Les mesures suivantes sont notamment prises pour faciliter l&rsquo;accessibilit\u00e9 :<\/p>\n\n\n\n<ul class=\"wp-block-list\">\n<li>Utilisation d&rsquo;un texte alternatif sur les images<\/li>\n\n\n\n<li>Les liens fournissent des d\u00e9tails sur la fonction ou la destination de l&rsquo;hyperlien.<\/li>\n\n\n\n<li>Utilisation des normes du W3C : HTML5, CSS, DOM, SVG.<\/li>\n<\/ul>\n","protected":false},"excerpt":{"rendered":"<p>D\u00c9CLARATION D&rsquo;ACCESSIBILIT\u00c9 La pr\u00e9sente d\u00e9claration d&rsquo;accessibilit\u00e9 s&rsquo;applique au site web https:\/\/healthysuits.com\/ (les sous-domaines de ce site web auront leurs propres d\u00e9clarations d&rsquo;accessibilit\u00e9). \u00c9tat de conformit\u00e9 Ce site web est partiellement conforme au d\u00e9cret royal 1112\/2018, du 7 septembre, en raison de la non-conformit\u00e9 des aspects suivants. Contenu non accessibleLe contenu \u00e9num\u00e9r\u00e9 ci-dessous n&rsquo;est pas accessible [&hellip;]<\/p>\n","protected":false},"author":1,"featured_media":0,"parent":0,"menu_order":5,"comment_status":"closed","ping_status":"closed","template":"","meta":{"_acf_changed":false,"footnotes":""},"class_list":["post-4072","page","type-page","status-publish","hentry"],"acf":[],"_links":{"self":[{"href":"https:\/\/healthysuits.com\/fr\/wp-json\/wp\/v2\/pages\/4072","targetHints":{"allow":["GET"]}}],"collection":[{"href":"https:\/\/healthysuits.com\/fr\/wp-json\/wp\/v2\/pages"}],"about":[{"href":"https:\/\/healthysuits.com\/fr\/wp-json\/wp\/v2\/types\/page"}],"author":[{"embeddable":true,"href":"https:\/\/healthysuits.com\/fr\/wp-json\/wp\/v2\/users\/1"}],"replies":[{"embeddable":true,"href":"https:\/\/healthysuits.com\/fr\/wp-json\/wp\/v2\/comments?post=4072"}],"version-history":[{"count":4,"href":"https:\/\/healthysuits.com\/fr\/wp-json\/wp\/v2\/pages\/4072\/revisions"}],"predecessor-version":[{"id":4087,"href":"https:\/\/healthysuits.com\/fr\/wp-json\/wp\/v2\/pages\/4072\/revisions\/4087"}],"wp:attachment":[{"href":"https:\/\/healthysuits.com\/fr\/wp-json\/wp\/v2\/media?parent=4072"}],"curies":[{"name":"wp","href":"https:\/\/api.w.org\/{rel}","templated":true}]}}