{"id":3990,"date":"2025-04-24T16:41:35","date_gmt":"2025-04-24T14:41:35","guid":{"rendered":"https:\/\/healthysuits.com\/politique-dexpedition-et-de-retour\/"},"modified":"2025-04-24T16:49:27","modified_gmt":"2025-04-24T14:49:27","slug":"politique-dexpedition-et-de-retour","status":"publish","type":"page","link":"https:\/\/healthysuits.com\/fr\/politique-dexpedition-et-de-retour\/","title":{"rendered":"Politique d&rsquo;exp\u00e9dition et de retour"},"content":{"rendered":"\n<h3 class=\"wp-block-heading\"><strong>Exp\u00e9dition<\/strong><\/h3>\n\n<p>Champ d&rsquo;application national (Espagne) :<\/p>\n\n<ul class=\"wp-block-list\">\n<li><strong>Espagne continentale :<\/strong><br\/>Les frais de port standard sont inclus dans le prix du produit.<br\/>D\u00e9lai de livraison estim\u00e9 : 2 \u00e0 4 jours ouvrables \u00e0 compter de la confirmation de la commande.<\/li>\n\n\n\n<li><strong>\u00celes Bal\u00e9ares et Canaries :<\/strong><br\/>Un suppl\u00e9ment de transport s&rsquo;applique, calcul\u00e9 en fonction du poids et du volume du produit.<br\/>D\u00e9lai de livraison estim\u00e9 : 4 \u00e0 7 jours ouvrables.<\/li>\n<\/ul>\n\n<p>Tous les envois comprennent un num\u00e9ro de suivi et sont soigneusement emball\u00e9s pour prot\u00e9ger l&rsquo;int\u00e9grit\u00e9 du produit pendant le transport.<\/p>\n\n<h3 class=\"wp-block-heading\"><strong>Retours<\/strong><\/h3>\n\n<p>Le client dispose d&rsquo;un d\u00e9lai de 14 jours calendaires \u00e0 compter de la r\u00e9ception du produit pour exercer son droit de r\u00e9tractation.<br\/>Les produits doivent \u00eatre retourn\u00e9s en parfait \u00e9tat, sans trace d&rsquo;utilisation, avec tous les accessoires, la documentation et l&#8217;emballage d&rsquo;origine.<br\/>Les frais de retour sont enti\u00e8rement \u00e0 la charge du client, quel que soit son lieu de r\u00e9sidence.<br\/>Une fois le produit re\u00e7u et son \u00e9tat v\u00e9rifi\u00e9, le remboursement correspondant sera effectu\u00e9.<br\/>Note : Les frais d&rsquo;exp\u00e9dition suppl\u00e9mentaires ne sont pas remboursables.<\/p>\n\n<h3 class=\"wp-block-heading\"><strong>Exclusions<\/strong><\/h3>\n\n<p>Aucun remboursement ne sera accept\u00e9 dans les cas suivants :<\/p>\n\n<ul class=\"wp-block-list\">\n<li>Produits pr\u00e9sentant des signes d&rsquo;utilisation, d&rsquo;usure, de taches, de dommages esth\u00e9tiques ou d&rsquo;alt\u00e9rations.<\/li>\n\n\n\n<li>Les produits retourn\u00e9s sans l&#8217;emballage d&rsquo;origine complet, les manuels, les accessoires ou la documentation inclus.<\/li>\n\n\n\n<li>Les produits endommag\u00e9s par une mauvaise utilisation, une installation incorrecte ou un transport non autoris\u00e9 par Healthy Suits.<\/li>\n\n\n\n<li>Les produits dont les scell\u00e9s de s\u00e9curit\u00e9 sont bris\u00e9s (le cas \u00e9ch\u00e9ant).<\/li>\n\n\n\n<li>Les demandes de retour en dehors du d\u00e9lai l\u00e9gal de 14 jours calendaires \u00e0 compter de la r\u00e9ception.<\/li>\n<\/ul>\n\n<p><\/p>\n","protected":false},"excerpt":{"rendered":"<p>Exp\u00e9dition Champ d&rsquo;application national (Espagne) : Tous les envois comprennent un num\u00e9ro de suivi et sont soigneusement emball\u00e9s pour prot\u00e9ger l&rsquo;int\u00e9grit\u00e9 du produit pendant le transport. Retours Le client dispose d&rsquo;un d\u00e9lai de 14 jours calendaires \u00e0 compter de la r\u00e9ception du produit pour exercer son droit de r\u00e9tractation.Les produits doivent \u00eatre retourn\u00e9s en parfait [&hellip;]<\/p>\n","protected":false},"author":1,"featured_media":0,"parent":0,"menu_order":9,"comment_status":"closed","ping_status":"closed","template":"","meta":{"_acf_changed":false,"footnotes":""},"class_list":["post-3990","page","type-page","status-publish","hentry"],"acf":[],"_links":{"self":[{"href":"https:\/\/healthysuits.com\/fr\/wp-json\/wp\/v2\/pages\/3990","targetHints":{"allow":["GET"]}}],"collection":[{"href":"https:\/\/healthysuits.com\/fr\/wp-json\/wp\/v2\/pages"}],"about":[{"href":"https:\/\/healthysuits.com\/fr\/wp-json\/wp\/v2\/types\/page"}],"author":[{"embeddable":true,"href":"https:\/\/healthysuits.com\/fr\/wp-json\/wp\/v2\/users\/1"}],"replies":[{"embeddable":true,"href":"https:\/\/healthysuits.com\/fr\/wp-json\/wp\/v2\/comments?post=3990"}],"version-history":[{"count":1,"href":"https:\/\/healthysuits.com\/fr\/wp-json\/wp\/v2\/pages\/3990\/revisions"}],"predecessor-version":[{"id":3991,"href":"https:\/\/healthysuits.com\/fr\/wp-json\/wp\/v2\/pages\/3990\/revisions\/3991"}],"wp:attachment":[{"href":"https:\/\/healthysuits.com\/fr\/wp-json\/wp\/v2\/media?parent=3990"}],"curies":[{"name":"wp","href":"https:\/\/api.w.org\/{rel}","templated":true}]}}