{"id":3757,"date":"2024-12-02T15:23:46","date_gmt":"2024-12-02T14:23:46","guid":{"rendered":"http:\/\/healthysuits.vl27225.dinaserver.com\/faq\/"},"modified":"2025-04-15T14:52:57","modified_gmt":"2025-04-15T12:52:57","slug":"faq","status":"publish","type":"page","link":"https:\/\/healthysuits.com\/fr\/faq\/","title":{"rendered":"FAQ"},"content":{"rendered":"<script type=\"application\/ld+json\">\n    {\n      \"@context\": \"https:\/\/schema.org\",\n      \"@type\": \"FAQPage\",\n      \"mainEntity\": [{\n                \"@type\": \"Question\",\n                \"name\": \"\u00bfQu\u00e9 es un exoesqueleto?\",\n                \"acceptedAnswer\": {\n                    \"@type\": \"Answer\",\n                    \"text\": \"Un exoesqueleto es un dispositivo port\u00e1til que brinda asistencia f\u00edsica a los usuarios reduciendo la carga muscular y la fatiga originada por los trabajos y las tareas cotidianas. Los exoesqueletos facilitan tareas como levantar objetos pesados o mantenerse en posturas exigentes durante mucho tiempo. Se utilizan en entornos laborales como industria, log\u00edstica y construcci\u00f3n para mejorar la seguridad y la salud de las personas.\"\n                }\n            },{\n                \"@type\": \"Question\",\n                \"name\": \"\u00bfCu\u00e1les son los beneficios de usar un exoesqueleto?\",\n                \"acceptedAnswer\": {\n                    \"@type\": \"Answer\",\n                    \"text\": \"Los exoesqueletos ayudan a prevenir lesiones, reducen la fatiga y hacen que el trabajo f\u00edsico sea menos agotador. Gracias a los exoesqueletos podemos prevenir la aparici\u00f3n de las lesiones musculoesquel\u00e9ticas, as\u00ed como mejorar la ergonom\u00eda y salud laboral.\"\n                }\n            },{\n                \"@type\": \"Question\",\n                \"name\": \"\u00bfTodos los trabajadores pueden usar un exoesqueleto?\",\n                \"acceptedAnswer\": {\n                    \"@type\": \"Answer\",\n                    \"text\": \"Los exoesqueletos est\u00e1n dise\u00f1ados para adaptarse a diferentes tipos de usuario y tareas. Sin embargo, la selecci\u00f3n del modelo adecuado depende del tipo de trabajo realizado, de las caracter\u00edsticas del puesto de trabajo y del entorno laboral.\"\n                }\n            },{\n                \"@type\": \"Question\",\n                \"name\": \"\u00bfSon c\u00f3modos los exoesqueletos?\",\n                \"acceptedAnswer\": {\n                    \"@type\": \"Answer\",\n                    \"text\": \"Los dise\u00f1os modernos priorizan la comodidad y la facilidad de uso. Sin embargo, es importante elegir un modelo ergon\u00f3mico que sea compatible con el equipo de protecci\u00f3n personal y que pueda usarse durante toda la jornada laboral.\"\n                }\n            },{\n                \"@type\": \"Question\",\n                \"name\": \"\u00bfCu\u00e1nto tiempo es necesario para aprender a usar un exoesqueleto?\",\n                \"acceptedAnswer\": {\n                    \"@type\": \"Answer\",\n                    \"text\": \"No te preocupes, no es complicado. En general, la mayor\u00eda de los exoesqueletos se pueden aprender a usar en unas pocas horas con una capacitaci\u00f3n b\u00e1sica.\"\n                }\n            },{\n                \"@type\": \"Question\",\n                \"name\": \"\u00bfNecesitan mantenimiento los exoesqueletos?\",\n                \"acceptedAnswer\": {\n                    \"@type\": \"Answer\",\n                    \"text\": \"Nuestros exoesqueletos no requieren de un mantenimiento peri\u00f3dico. Simplemente realizar una limpieza regular, uso y almacenamiento adecuado. Otros exoesqueletos del mercado, requieren ajustes peri\u00f3dicos para poder garantizar su funcionamiento.\"\n                }\n            },{\n                \"@type\": \"Question\",\n                \"name\": \"\u00bfLos exoesqueletos funcionan en cualquier entorno laboral?\",\n                \"acceptedAnswer\": {\n                    \"@type\": \"Answer\",\n                    \"text\": \"Muchos modelos est\u00e1n dise\u00f1ados para resistir temperaturas extremas, humedad, polvo y otros factores ambientales. Es importante verificar la compatibilidad del exoesqueleto con el entorno de trabajo antes de su implementaci\u00f3n\"\n                }\n            },{\n                \"@type\": \"Question\",\n                \"name\": \"\u00bfC\u00f3mo afecta el uso de exoesqueletos a la productividad laboral?\",\n                \"acceptedAnswer\": {\n                    \"@type\": \"Answer\",\n                    \"text\": \"Estudios han demostrado que los exoesqueletos pueden mejorar la eficiencia al reducir la fatiga y el esfuerzo f\u00edsico, lo que permite a los trabajadores mantener su rendimiento durante toda la jornada laboral. El principal objetivo del uso de un exoesqueleto es mejorar y mantener una buena salud f\u00edsica del usuario durante el trabajo.\"\n                }\n            },{\n                \"@type\": \"Question\",\n                \"name\": \"\u00bfUn exoesqueleto incrementa nuestras capacidades?\",\n                \"acceptedAnswer\": {\n                    \"@type\": \"Answer\",\n                    \"text\": \"No. Un exoesqueleto nunca incrementar\u00e1 nuestras capacidades en el trabajo. Su verdadera funci\u00f3n es disminuir nuestro esfuerzo f\u00edsico en la realizaci\u00f3n de nuestras tareas cotidianas. Nuestra m\u00e1xima es; todo lo que no puedes realizar sin exoesqueleto no lo debes realizar usando un exoesqueleto.\"\n                }\n            },{\n                \"@type\": \"Question\",\n                \"name\": \"\u00bfSon muy caros los exoesqueletos?\",\n                \"acceptedAnswer\": {\n                    \"@type\": \"Answer\",\n                    \"text\": \"Hasta ahora, los precios de los exoesqueletos oscilaban entre los 3.500 \u20ac y 6000 \u20ac. Healthy Suits presenta los primeros exoesqueletos al alcance de todas las personas, profesionales y empresas. Los precios de nuestros dispositivos parten de 890 \u20ac hasta un m\u00e1ximo de 1.725 \u20ac, constituy\u00e9ndose como los exoesqueletos m\u00e1s funcionales y vendidos del mundo, con m\u00e1s de 30.000 unidades implantadas.\"\n                }\n}]\n}<\/script>\r\n<section id=\"faqs\" class=\"block-faqs py-8 lg:py-28\">\r\n\r\n    <div class=\"  max-w-[1166px] m-auto\">\r\n                        \r\n        <h1 class=\"mb-8 text-center\">FAQ<\/h1>\r\n                    <dl class=\"accordion\">\r\n\r\n                \r\n                    <dt class=\"accordion__button text-base cursor-pointer font-normal pr-20 py-4 md:py-6 pl-6 md:pl-8 relative rounded-base bg-primary-100 text-primary rounded-custom\">\r\n                        Qu&rsquo;est-ce qu&rsquo;un exosquelette ?                    <\/dt>\r\n\r\n                    <dd class=\"accordion__content mb-2.5 mx-0 mt-0 px-8 text-base\">\r\n                        <div class=\"py-4\">\r\n                            <p>Un exosquelette est un dispositif portable qui fournit une assistance physique aux utilisateurs en r\u00e9duisant la tension musculaire et la fatigue caus\u00e9es par les travaux et les t\u00e2ches quotidiennes. Les exosquellettes facilitent des t\u00e2ches telles que soulever des objets lourds ou rester dans des postures exigeantes pendant de longues p\u00e9riodes. Ils sont utilis\u00e9s dans des environnements de travail tels que l&rsquo;industrie, la logistique et la construction pour am\u00e9liorer la s\u00e9curit\u00e9 et la sant\u00e9 des personnes.<\/p>\n                        <\/div>\r\n                    <\/dd>\r\n\r\n                \r\n                    <dt class=\"accordion__button text-base cursor-pointer font-normal pr-20 py-4 md:py-6 pl-6 md:pl-8 relative rounded-base bg-primary-100 text-primary rounded-custom\">\r\n                        Quels sont les avantages de l&rsquo;utilisation d&rsquo;un exosquelette ?                    <\/dt>\r\n\r\n                    <dd class=\"accordion__content mb-2.5 mx-0 mt-0 px-8 text-base\">\r\n                        <div class=\"py-4\">\r\n                            <p>Les exosquelettes contribuent \u00e0 pr\u00e9venir les blessures, \u00e0 r\u00e9duire la fatigue et \u00e0 rendre le travail physique moins p\u00e9nible. Gr\u00e2ce aux exosquelettes, nous pouvons pr\u00e9venir l&rsquo;apparition de l\u00e9sions musculo-squelettiques et am\u00e9liorer l&rsquo;ergonomie et la sant\u00e9 au travail. <\/p>\n                        <\/div>\r\n                    <\/dd>\r\n\r\n                \r\n                    <dt class=\"accordion__button text-base cursor-pointer font-normal pr-20 py-4 md:py-6 pl-6 md:pl-8 relative rounded-base bg-primary-100 text-primary rounded-custom\">\r\n                        Tous les travailleurs peuvent-ils porter un exosquelette ?                    <\/dt>\r\n\r\n                    <dd class=\"accordion__content mb-2.5 mx-0 mt-0 px-8 text-base\">\r\n                        <div class=\"py-4\">\r\n                            <p>Les exosquelettes sont con\u00e7us pour s&rsquo;adapter \u00e0 diff\u00e9rents types d&rsquo;utilisateurs et de t\u00e2ches. Cependant, le choix du bon mod\u00e8le d\u00e9pend du type de travail effectu\u00e9, des caract\u00e9ristiques du lieu de travail et de l&rsquo;environnement de travail. <\/p>\n                        <\/div>\r\n                    <\/dd>\r\n\r\n                \r\n                    <dt class=\"accordion__button text-base cursor-pointer font-normal pr-20 py-4 md:py-6 pl-6 md:pl-8 relative rounded-base bg-primary-100 text-primary rounded-custom\">\r\n                        Les exosquelettes sont-ils confortables ?                    <\/dt>\r\n\r\n                    <dd class=\"accordion__content mb-2.5 mx-0 mt-0 px-8 text-base\">\r\n                        <div class=\"py-4\">\r\n                            <p>Les mod\u00e8les modernes privil\u00e9gient le confort et la facilit\u00e9 d&rsquo;utilisation. Cependant, il est important de choisir un mod\u00e8le ergonomique qui soit compatible avec les \u00e9quipements de protection individuelle et qui puisse \u00eatre port\u00e9 tout au long de la journ\u00e9e de travail. <\/p>\n                        <\/div>\r\n                    <\/dd>\r\n\r\n                \r\n                    <dt class=\"accordion__button text-base cursor-pointer font-normal pr-20 py-4 md:py-6 pl-6 md:pl-8 relative rounded-base bg-primary-100 text-primary rounded-custom\">\r\n                        Combien de temps faut-il pour apprendre \u00e0 utiliser un exosquelette ?                    <\/dt>\r\n\r\n                    <dd class=\"accordion__content mb-2.5 mx-0 mt-0 px-8 text-base\">\r\n                        <div class=\"py-4\">\r\n                            <p>Ne vous inqui\u00e9tez pas, ce n&rsquo;est pas compliqu\u00e9. En g\u00e9n\u00e9ral, la plupart des exo squelettes peuvent \u00eatre appris \u00e0 utiliser en quelques heures avec une formation de base.<\/p>\n                        <\/div>\r\n                    <\/dd>\r\n\r\n                \r\n                    <dt class=\"accordion__button text-base cursor-pointer font-normal pr-20 py-4 md:py-6 pl-6 md:pl-8 relative rounded-base bg-primary-100 text-primary rounded-custom\">\r\n                        Les exosquelettes ont-ils besoin d&rsquo;\u00eatre entretenus ?                    <\/dt>\r\n\r\n                    <dd class=\"accordion__content mb-2.5 mx-0 mt-0 px-8 text-base\">\r\n                        <div class=\"py-4\">\r\n                            <p>Nos exosquelettes ne n\u00e9cessitent pas d&rsquo;entretien r\u00e9gulier. Il suffit de les nettoyer r\u00e9guli\u00e8rement, de les utiliser et de les ranger correctement. D&rsquo;autres exosquelettes sur le march\u00e9 n\u00e9cessitent des ajustements p\u00e9riodiques afin de garantir leur fonctionnalit\u00e9.  <\/p>\n                        <\/div>\r\n                    <\/dd>\r\n\r\n                \r\n                    <dt class=\"accordion__button text-base cursor-pointer font-normal pr-20 py-4 md:py-6 pl-6 md:pl-8 relative rounded-base bg-primary-100 text-primary rounded-custom\">\r\n                        Les exosquelettes peuvent-ils \u00eatre utilis\u00e9s dans n&rsquo;importe quel environnement de travail ?                    <\/dt>\r\n\r\n                    <dd class=\"accordion__content mb-2.5 mx-0 mt-0 px-8 text-base\">\r\n                        <div class=\"py-4\">\r\n                            <p>De nombreux mod\u00e8les sont con\u00e7us pour r\u00e9sister \u00e0 des temp\u00e9ratures extr\u00eames, \u00e0 l&rsquo;humidit\u00e9, \u00e0 la poussi\u00e8re et \u00e0 d&rsquo;autres facteurs environnementaux. Il est important de v\u00e9rifier la compatibilit\u00e9 de l&rsquo;exosquelette avec l&rsquo;environnement de travail avant sa mise en \u0153uvre. <\/p>\n                        <\/div>\r\n                    <\/dd>\r\n\r\n                \r\n                    <dt class=\"accordion__button text-base cursor-pointer font-normal pr-20 py-4 md:py-6 pl-6 md:pl-8 relative rounded-base bg-primary-100 text-primary rounded-custom\">\r\n                        Comment l&rsquo;utilisation d&rsquo;exosquelettes affecte-t-elle la productivit\u00e9 au travail ?                    <\/dt>\r\n\r\n                    <dd class=\"accordion__content mb-2.5 mx-0 mt-0 px-8 text-base\">\r\n                        <div class=\"py-4\">\r\n                            <p>Des \u00e9tudes ont montr\u00e9 que les exosquelettes peuvent am\u00e9liorer l&rsquo;efficacit\u00e9 en r\u00e9duisant la fatigue et les contraintes physiques, ce qui permet aux travailleurs de maintenir leurs performances tout au long de la journ\u00e9e de travail. L&rsquo;objectif principal de l&rsquo;utilisation d&rsquo;un exosquelette est d&rsquo;am\u00e9liorer et de maintenir la sant\u00e9 physique de l&rsquo;utilisateur pendant le travail. <\/p>\n                        <\/div>\r\n                    <\/dd>\r\n\r\n                \r\n                    <dt class=\"accordion__button text-base cursor-pointer font-normal pr-20 py-4 md:py-6 pl-6 md:pl-8 relative rounded-base bg-primary-100 text-primary rounded-custom\">\r\n                        Un exosquelette augmente-t-il nos capacit\u00e9s ?                    <\/dt>\r\n\r\n                    <dd class=\"accordion__content mb-2.5 mx-0 mt-0 px-8 text-base\">\r\n                        <div class=\"py-4\">\r\n                            <p>Un exosquelette n&rsquo;augmentera jamais nos capacit\u00e9s au travail. Sa v\u00e9ritable fonction est de r\u00e9duire notre effort physique dans l&rsquo;accomplissement de nos t\u00e2ches quotidiennes. Notre maxime est la suivante : tout ce que vous ne pouvez pas faire sans exosquelette, vous ne devez pas le faire avec un exosquelette.   <\/p>\n                        <\/div>\r\n                    <\/dd>\r\n\r\n                \r\n                    <dt class=\"accordion__button text-base cursor-pointer font-normal pr-20 py-4 md:py-6 pl-6 md:pl-8 relative rounded-base bg-primary-100 text-primary rounded-custom\">\r\n                        Les exosquelettes sont-ils trop chers ?                    <\/dt>\r\n\r\n                    <dd class=\"accordion__content mb-2.5 mx-0 mt-0 px-8 text-base\">\r\n                        <div class=\"py-4\">\r\n                            <p>Jusqu&rsquo;\u00e0 pr\u00e9sent, les prix des exosquelettes variaient entre 3 500 et 6 000 euros. Healthy Suits pr\u00e9sente les premiers exosquelettes \u00e0 la port\u00e9e de tous, professionnels et entreprises. Les prix de nos appareils vont de 890 \u20ac \u00e0 un maximum de 1 725 \u20ac, ce qui en fait les exosquelettes les plus fonctionnels et les plus vendus au monde, avec plus de 30 000 unit\u00e9s implant\u00e9es.  <\/p>\n                        <\/div>\r\n                    <\/dd>\r\n\r\n                \r\n            <\/dl>\r\n\r\n        \r\n    <\/div>\r\n\r\n<\/section>","protected":false},"excerpt":{"rendered":"","protected":false},"author":1,"featured_media":0,"parent":0,"menu_order":33,"comment_status":"closed","ping_status":"closed","template":"","meta":{"_acf_changed":false,"footnotes":""},"class_list":["post-3757","page","type-page","status-publish","hentry"],"acf":[],"_links":{"self":[{"href":"https:\/\/healthysuits.com\/fr\/wp-json\/wp\/v2\/pages\/3757","targetHints":{"allow":["GET"]}}],"collection":[{"href":"https:\/\/healthysuits.com\/fr\/wp-json\/wp\/v2\/pages"}],"about":[{"href":"https:\/\/healthysuits.com\/fr\/wp-json\/wp\/v2\/types\/page"}],"author":[{"embeddable":true,"href":"https:\/\/healthysuits.com\/fr\/wp-json\/wp\/v2\/users\/1"}],"replies":[{"embeddable":true,"href":"https:\/\/healthysuits.com\/fr\/wp-json\/wp\/v2\/comments?post=3757"}],"version-history":[{"count":1,"href":"https:\/\/healthysuits.com\/fr\/wp-json\/wp\/v2\/pages\/3757\/revisions"}],"predecessor-version":[{"id":3759,"href":"https:\/\/healthysuits.com\/fr\/wp-json\/wp\/v2\/pages\/3757\/revisions\/3759"}],"wp:attachment":[{"href":"https:\/\/healthysuits.com\/fr\/wp-json\/wp\/v2\/media?parent=3757"}],"curies":[{"name":"wp","href":"https:\/\/api.w.org\/{rel}","templated":true}]}}