{"id":3462,"date":"2024-10-08T11:24:06","date_gmt":"2024-10-08T09:24:06","guid":{"rendered":"http:\/\/healthysuits.vl27225.dinaserver.com\/politique-de-confidentialite\/"},"modified":"2024-10-08T11:24:06","modified_gmt":"2024-10-08T09:24:06","slug":"politique-de-confidentialite","status":"publish","type":"page","link":"https:\/\/healthysuits.com\/fr\/politique-de-confidentialite\/","title":{"rendered":"Politique de confidentialit\u00e9"},"content":{"rendered":"\n<p>La confidentialit\u00e9 et la s\u00e9curit\u00e9 sont des valeurs fondamentales de HEALTHY TECHNICAL SUITS, S.L et, par cons\u00e9quent, nous nous engageons \u00e0 garantir la confidentialit\u00e9 de l&rsquo;utilisateur \u00e0 tout moment et \u00e0 ne pas collecter d&rsquo;informations inutiles. Nous vous fournissons ci-dessous toutes les informations n\u00e9cessaires sur notre politique de confidentialit\u00e9 en ce qui concerne les donn\u00e9es personnelles que nous collectons, en expliquant : <\/p>\n\n\n\n<ul class=\"wp-block-list\">\n<li>Qui est responsable du traitement de vos donn\u00e9es.<\/li>\n\n\n\n<li>\u00c0 quelles fins nous collectons les donn\u00e9es que nous vous demandons.<\/li>\n\n\n\n<li>Quelle est la l\u00e9gitimit\u00e9 de son traitement.<\/li>\n\n\n\n<li>Dur\u00e9e de conservation.<\/li>\n\n\n\n<li>Les destinataires de vos donn\u00e9es.<\/li>\n\n\n\n<li>Quels sont vos droits ?<\/li>\n<\/ul>\n\n\n\n<h3 class=\"wp-block-heading\">1. responsable :<\/h3>\n\n\n\n<ul class=\"wp-block-list\">\n<li><strong>Titre<\/strong>:  HEALTHY TECHNICAL SUITS, S.L<\/li>\n\n\n\n<li><strong>FNI<\/strong>:  B02846798<\/li>\n\n\n\n<li><strong>Adresse<\/strong>:  Carrer Holanda 69 Nave 14B (08917) Badalona<\/li>\n\n\n\n<li><strong>T\u00e9l\u00e9phone<\/strong>:  +34 695 288 973<\/li>\n<\/ul>\n\n\n\n<h3 class=\"wp-block-heading\">2. les finalit\u00e9s, la l\u00e9gitimit\u00e9 et la conservation du traitement des donn\u00e9es envoy\u00e9es via :<\/h3>\n\n\n\n<ul class=\"wp-block-list\">\n<li>FORMULAIRE DE CONTACT. Objectif : vous fournir un moyen de nous contacter et de r\u00e9pondre \u00e0 vos demandes d&rsquo;informations, ainsi que de vous envoyer des communications sur nos produits, services et activit\u00e9s, y compris par des moyens \u00e9lectroniques (e-mail, SMS, WhatsApp), si vous cochez la case d&rsquo;acceptation. L\u00e9gitimation : Le consentement de l&rsquo;utilisateur lorsqu&rsquo;il nous demande des informations par le biais de notre formulaire de contact et qu&rsquo;il coche la case d&rsquo;acceptation pour l&rsquo;envoi d&rsquo;informations. Conservation : Une fois que votre demande \u00e0 travers notre formulaire ou r\u00e9pondu par e-mail, si elle n&rsquo;a pas g\u00e9n\u00e9r\u00e9 un nouveau traitement, et si vous avez accept\u00e9 de recevoir des mailings commerciaux, jusqu&rsquo;\u00e0 ce que vous demandiez l&rsquo;annulation de la m\u00eame.   <\/li>\n\n\n\n<li>L&rsquo;ENVOI DE COURRIERS \u00c9LECTRONIQUES. Objectif : r\u00e9pondre \u00e0 vos demandes d&rsquo;information, traiter vos demandes et r\u00e9pondre \u00e0 vos questions ou \u00e0 vos doutes. L\u00e9gitimation : Le consentement de l&rsquo;utilisateur lorsqu&rsquo;il demande des informations par le biais de l&rsquo;adresse \u00e9lectronique. Conservation : une fois que votre demande a \u00e9t\u00e9 trait\u00e9e par courrier \u00e9lectronique, si elle n&rsquo;a pas donn\u00e9 lieu \u00e0 un nouveau traitement.   <\/li>\n\n\n\n<li>ENVOI DU CURRICULUM VITAE PAR COURRIEL Objectif : disposer de votre curriculum vitae pour participer \u00e0 nos processus de s\u00e9lection du personnel. L\u00e9gitimation : Consentement de l&rsquo;utilisateur \u00e0 nous envoyer ses informations personnelles et son CV pour nos processus de s\u00e9lection du personnel. Conservation : pendant l&rsquo;\u00e9laboration des processus ouverts de s\u00e9lection du personnel et pendant un an pour les processus futurs.  <\/li>\n<\/ul>\n\n\n\n<h3 class=\"wp-block-heading\">3. Destinataires de vos donn\u00e9es<\/h3>\n\n\n\n<p>Vos donn\u00e9es sont confidentielles et ne sont pas transmises \u00e0 des tiers, sauf en cas d&rsquo;obligation l\u00e9gale.<\/p>\n\n\n\n<h3 class=\"wp-block-heading\">4. Droits relatifs \u00e0 vos donn\u00e9es personnelles<\/h3>\n\n\n\n<p>Toute personne peut retirer son consentement \u00e0 tout moment, lorsque celui-ci a \u00e9t\u00e9 donn\u00e9 pour le traitement de ses donn\u00e9es. En aucun cas le retrait de ce consentement ne conditionne l&rsquo;ex\u00e9cution du contrat d&rsquo;abonnement ou des relations pr\u00e9c\u00e9demment g\u00e9n\u00e9r\u00e9es. <\/p>\n\n\n\n<p>Vous pouvez \u00e9galement exercer les droits suivants :<\/p>\n\n\n\n<ul class=\"wp-block-list\">\n<li>Demander l&rsquo;acc\u00e8s ou la rectification de vos donn\u00e9es personnelles si elles sont inexactes.<\/li>\n\n\n\n<li>Demander leur suppression lorsque, entre autres raisons, les donn\u00e9es ne sont plus n\u00e9cessaires aux fins pour lesquelles elles ont \u00e9t\u00e9 collect\u00e9es.<\/li>\n\n\n\n<li>Demander la limitation du traitement dans certaines circonstances.<\/li>\n\n\n\n<li>Demander \u00e0 s&rsquo;opposer au traitement de vos donn\u00e9es pour des raisons tenant \u00e0 votre situation particuli\u00e8re.<\/li>\n\n\n\n<li>Demander la portabilit\u00e9 des donn\u00e9es dans les cas pr\u00e9vus par le r\u00e8glement.<\/li>\n\n\n\n<li>Autres droits reconnus dans la r\u00e9glementation applicable.<\/li>\n<\/ul>\n\n\n\n<p>O\u00f9 et comment demander vos droits : En \u00e9crivant au responsable du traitement \u00e0 l&rsquo;adresse postale ou \u00e9lectronique (indiqu\u00e9e dans la section A), en indiquant la r\u00e9f\u00e9rence \u00ab\u00a0Donn\u00e9es \u00e0 caract\u00e8re personnel\u00a0\u00bb, en pr\u00e9cisant le droit que vous souhaitez exercer et \u00e0 propos de quelles donn\u00e9es \u00e0 caract\u00e8re personnel.<\/p>\n\n\n\n<p>En cas de d\u00e9saccord avec l&rsquo;entreprise concernant le traitement de vos donn\u00e9es, vous pouvez introduire une plainte aupr\u00e8s de l&rsquo;Autorit\u00e9 de protection des donn\u00e9es<a href=\"https:\/\/www.agpd.es\/\" target=\"_blank\" rel=\"noopener\">(www.agpd.es)<\/a>.<\/p>\n\n\n\n<h3 class=\"wp-block-heading\">5. Cookies<\/h3>\n\n\n\n<p>Ce site n&rsquo;utilise que des cookies techniques, de personnalisation et d&rsquo;analyse, les n\u00f4tres et ceux de tiers (Google Analytics), qui ne traitent en aucun cas des donn\u00e9es personnelles et ne capturent pas les habitudes de navigation \u00e0 des fins publicitaires.<\/p>\n\n\n\n<p>Par cons\u00e9quent, lorsque vous acc\u00e9dez \u00e0 notre site Web, conform\u00e9ment \u00e0 l&rsquo;article 22 de la loi sur les services de la soci\u00e9t\u00e9 de l&rsquo;information, lorsque nous traitons des cookies d&rsquo;analyse, nous vous demandons votre consentement pour leur utilisation et nous vous fournissons des informations \u00e0 leur sujet, qui seront de toute fa\u00e7on install\u00e9es apr\u00e8s un d\u00e9lai raisonnable afin que l&rsquo;utilisateur ait le temps de d\u00e9cider s&rsquo;il souhaite donner son consentement ou non.<\/p>\n\n\n\n<h3 class=\"wp-block-heading\">6. S\u00e9curit\u00e9 de vos donn\u00e9es personnelles<\/h3>\n\n\n\n<p>Afin de garantir la s\u00e9curit\u00e9 de vos donn\u00e9es personnelles, nous vous informons que nous avons adopt\u00e9 toutes les mesures techniques et organisationnelles n\u00e9cessaires pour garantir la s\u00e9curit\u00e9 des donn\u00e9es personnelles fournies contre l&rsquo;alt\u00e9ration, la perte, le traitement ou l&rsquo;acc\u00e8s non autoris\u00e9.<\/p>\n\n\n\n<h3 class=\"wp-block-heading\">7. Mise \u00e0 jour de vos donn\u00e9es<\/h3>\n\n\n\n<p>Pour que nous puissions tenir \u00e0 jour vos donn\u00e9es personnelles, il est important que vous nous informiez de toute modification de vos donn\u00e9es personnelles, faute de quoi nous ne pourrons \u00eatre tenus responsables de l&rsquo;exactitude des donn\u00e9es.<\/p>\n\n\n\n<p>Nous ne sommes pas responsables de la politique de confidentialit\u00e9 concernant les donn\u00e9es personnelles que vous pouvez fournir \u00e0 des tiers par le biais des liens disponibles sur notre site web.<\/p>\n\n\n\n<p>La pr\u00e9sente politique de confidentialit\u00e9 peut \u00eatre modifi\u00e9e afin de l&rsquo;adapter aux changements qui peuvent survenir sur notre site web, ainsi qu&rsquo;aux modifications l\u00e9gislatives ou jurisprudentielles sur les donn\u00e9es personnelles qui peuvent appara\u00eetre, c&rsquo;est pourquoi elle doit \u00eatre lue chaque fois que vous nous fournissez vos donn\u00e9es par l&rsquo;interm\u00e9diaire de ce site web.<\/p>\n","protected":false},"excerpt":{"rendered":"<p>La confidentialit\u00e9 et la s\u00e9curit\u00e9 sont des valeurs fondamentales de et, par cons\u00e9quent, nous nous engageons \u00e0 garantir la confidentialit\u00e9 de l&rsquo;utilisateur \u00e0 tout moment et \u00e0 ne pas collecter d&rsquo;informations inutiles. Nous vous fournissons ci-dessous toutes les informations n\u00e9cessaires sur notre politique de confidentialit\u00e9 en ce qui concerne les donn\u00e9es personnelles que nous collectons, [&hellip;]<\/p>\n","protected":false},"author":1,"featured_media":0,"parent":0,"menu_order":65,"comment_status":"closed","ping_status":"closed","template":"","meta":{"_acf_changed":false,"footnotes":""},"class_list":["post-3462","page","type-page","status-publish","hentry"],"acf":[],"_links":{"self":[{"href":"https:\/\/healthysuits.com\/fr\/wp-json\/wp\/v2\/pages\/3462","targetHints":{"allow":["GET"]}}],"collection":[{"href":"https:\/\/healthysuits.com\/fr\/wp-json\/wp\/v2\/pages"}],"about":[{"href":"https:\/\/healthysuits.com\/fr\/wp-json\/wp\/v2\/types\/page"}],"author":[{"embeddable":true,"href":"https:\/\/healthysuits.com\/fr\/wp-json\/wp\/v2\/users\/1"}],"replies":[{"embeddable":true,"href":"https:\/\/healthysuits.com\/fr\/wp-json\/wp\/v2\/comments?post=3462"}],"version-history":[{"count":0,"href":"https:\/\/healthysuits.com\/fr\/wp-json\/wp\/v2\/pages\/3462\/revisions"}],"wp:attachment":[{"href":"https:\/\/healthysuits.com\/fr\/wp-json\/wp\/v2\/media?parent=3462"}],"curies":[{"name":"wp","href":"https:\/\/api.w.org\/{rel}","templated":true}]}}