{"id":3457,"date":"2024-10-08T12:22:18","date_gmt":"2024-10-08T10:22:18","guid":{"rendered":"http:\/\/healthysuits.vl27225.dinaserver.com\/avis-juridique\/"},"modified":"2024-10-08T12:22:18","modified_gmt":"2024-10-08T10:22:18","slug":"avis-juridique","status":"publish","type":"page","link":"https:\/\/healthysuits.com\/fr\/avis-juridique\/","title":{"rendered":"Avis juridique"},"content":{"rendered":"\n<h3 class=\"wp-block-heading\">Donn\u00e9es fiscales<\/h3>\n\n\n\n<p><strong>Titulaire<\/strong>: HEALTHY TECHNICAL SUITS, S.L<br> NIF : B02846798<br><strong>Adresse<\/strong>: Carrer Holanda 69 Nave 14B (08917) Badalona<br><strong>T\u00e9l\u00e9phone<\/strong>:  +34 695 288 973<\/p>\n\n\n\n<h3 class=\"wp-block-heading\">Protection des donn\u00e9es personnelles<\/h3>\n\n\n\n<p>Les donn\u00e9es personnelles collect\u00e9es par le biais du site web ne sont utilis\u00e9es que dans le but de fournir les services demand\u00e9s et \u00e0 des fins de facturation. Vos donn\u00e9es seront stock\u00e9es dans des fichiers appartenant \u00e0 HEALTHY TECHNICAL SUITS, S.L \u00e0 des fins de facturation et seront conserv\u00e9es pendant la p\u00e9riode l\u00e9galement requise. Vous pouvez exercer vos droits d&rsquo;acc\u00e8s, de rectification, d&rsquo;annulation et d&rsquo;opposition en \u00e9crivant \u00e0 HEALTHY TECHNICAL SUITS, S.L \u00e0 l&rsquo;adresse Carrer Holanda 69 Nave 14B (08917) Badalona.  <\/p>\n\n\n\n<h3 class=\"wp-block-heading\">Propri\u00e9t\u00e9 intellectuelle et responsabilit\u00e9 du contenu de<br><\/h3>\n\n\n\n<p>Toute utilisation de l&rsquo;ensemble du contenu du site web, en particulier les textes, la conception et le code source, est interdite sans l&rsquo;autorisation expresse des propri\u00e9taires. Toute utilisation non autoris\u00e9e sera d\u00fbment poursuivie par les propri\u00e9taires l\u00e9gitimes. <\/p>\n\n\n\n<p>Le propri\u00e9taire du site n&rsquo;est pas responsable du contenu des liens situ\u00e9s sur le site, conform\u00e9ment aux dispositions de l&rsquo;article 17 de la LSSICE.<\/p>\n","protected":false},"excerpt":{"rendered":"<p>Donn\u00e9es fiscales Titulaire: NIF : Adresse: T\u00e9l\u00e9phone: Protection des donn\u00e9es personnelles Les donn\u00e9es personnelles collect\u00e9es par le biais du site web ne sont utilis\u00e9es que dans le but de fournir les services demand\u00e9s et \u00e0 des fins de facturation. Vos donn\u00e9es seront stock\u00e9es dans des fichiers appartenant \u00e0 \u00e0 des fins de facturation et seront [&hellip;]<\/p>\n","protected":false},"author":1,"featured_media":0,"parent":0,"menu_order":19,"comment_status":"closed","ping_status":"closed","template":"","meta":{"_acf_changed":false,"footnotes":""},"class_list":["post-3457","page","type-page","status-publish","hentry"],"acf":[],"_links":{"self":[{"href":"https:\/\/healthysuits.com\/fr\/wp-json\/wp\/v2\/pages\/3457","targetHints":{"allow":["GET"]}}],"collection":[{"href":"https:\/\/healthysuits.com\/fr\/wp-json\/wp\/v2\/pages"}],"about":[{"href":"https:\/\/healthysuits.com\/fr\/wp-json\/wp\/v2\/types\/page"}],"author":[{"embeddable":true,"href":"https:\/\/healthysuits.com\/fr\/wp-json\/wp\/v2\/users\/1"}],"replies":[{"embeddable":true,"href":"https:\/\/healthysuits.com\/fr\/wp-json\/wp\/v2\/comments?post=3457"}],"version-history":[{"count":0,"href":"https:\/\/healthysuits.com\/fr\/wp-json\/wp\/v2\/pages\/3457\/revisions"}],"wp:attachment":[{"href":"https:\/\/healthysuits.com\/fr\/wp-json\/wp\/v2\/media?parent=3457"}],"curies":[{"name":"wp","href":"https:\/\/api.w.org\/{rel}","templated":true}]}}