{"id":3760,"date":"2024-12-02T15:23:46","date_gmt":"2024-12-02T14:23:46","guid":{"rendered":"http:\/\/healthysuits.vl27225.dinaserver.com\/faqs\/"},"modified":"2025-04-15T14:52:59","modified_gmt":"2025-04-15T12:52:59","slug":"faqs","status":"publish","type":"page","link":"https:\/\/healthysuits.com\/en\/faqs\/","title":{"rendered":"FAQs"},"content":{"rendered":"<script type=\"application\/ld+json\">\n    {\n      \"@context\": \"https:\/\/schema.org\",\n      \"@type\": \"FAQPage\",\n      \"mainEntity\": [{\n                \"@type\": \"Question\",\n                \"name\": \"\u00bfQu\u00e9 es un exoesqueleto?\",\n                \"acceptedAnswer\": {\n                    \"@type\": \"Answer\",\n                    \"text\": \"Un exoesqueleto es un dispositivo port\u00e1til que brinda asistencia f\u00edsica a los usuarios reduciendo la carga muscular y la fatiga originada por los trabajos y las tareas cotidianas. Los exoesqueletos facilitan tareas como levantar objetos pesados o mantenerse en posturas exigentes durante mucho tiempo. Se utilizan en entornos laborales como industria, log\u00edstica y construcci\u00f3n para mejorar la seguridad y la salud de las personas.\"\n                }\n            },{\n                \"@type\": \"Question\",\n                \"name\": \"\u00bfCu\u00e1les son los beneficios de usar un exoesqueleto?\",\n                \"acceptedAnswer\": {\n                    \"@type\": \"Answer\",\n                    \"text\": \"Los exoesqueletos ayudan a prevenir lesiones, reducen la fatiga y hacen que el trabajo f\u00edsico sea menos agotador. Gracias a los exoesqueletos podemos prevenir la aparici\u00f3n de las lesiones musculoesquel\u00e9ticas, as\u00ed como mejorar la ergonom\u00eda y salud laboral.\"\n                }\n            },{\n                \"@type\": \"Question\",\n                \"name\": \"\u00bfTodos los trabajadores pueden usar un exoesqueleto?\",\n                \"acceptedAnswer\": {\n                    \"@type\": \"Answer\",\n                    \"text\": \"Los exoesqueletos est\u00e1n dise\u00f1ados para adaptarse a diferentes tipos de usuario y tareas. Sin embargo, la selecci\u00f3n del modelo adecuado depende del tipo de trabajo realizado, de las caracter\u00edsticas del puesto de trabajo y del entorno laboral.\"\n                }\n            },{\n                \"@type\": \"Question\",\n                \"name\": \"\u00bfSon c\u00f3modos los exoesqueletos?\",\n                \"acceptedAnswer\": {\n                    \"@type\": \"Answer\",\n                    \"text\": \"Los dise\u00f1os modernos priorizan la comodidad y la facilidad de uso. Sin embargo, es importante elegir un modelo ergon\u00f3mico que sea compatible con el equipo de protecci\u00f3n personal y que pueda usarse durante toda la jornada laboral.\"\n                }\n            },{\n                \"@type\": \"Question\",\n                \"name\": \"\u00bfCu\u00e1nto tiempo es necesario para aprender a usar un exoesqueleto?\",\n                \"acceptedAnswer\": {\n                    \"@type\": \"Answer\",\n                    \"text\": \"No te preocupes, no es complicado. En general, la mayor\u00eda de los exoesqueletos se pueden aprender a usar en unas pocas horas con una capacitaci\u00f3n b\u00e1sica.\"\n                }\n            },{\n                \"@type\": \"Question\",\n                \"name\": \"\u00bfNecesitan mantenimiento los exoesqueletos?\",\n                \"acceptedAnswer\": {\n                    \"@type\": \"Answer\",\n                    \"text\": \"Nuestros exoesqueletos no requieren de un mantenimiento peri\u00f3dico. Simplemente realizar una limpieza regular, uso y almacenamiento adecuado. Otros exoesqueletos del mercado, requieren ajustes peri\u00f3dicos para poder garantizar su funcionamiento.\"\n                }\n            },{\n                \"@type\": \"Question\",\n                \"name\": \"\u00bfLos exoesqueletos funcionan en cualquier entorno laboral?\",\n                \"acceptedAnswer\": {\n                    \"@type\": \"Answer\",\n                    \"text\": \"Muchos modelos est\u00e1n dise\u00f1ados para resistir temperaturas extremas, humedad, polvo y otros factores ambientales. Es importante verificar la compatibilidad del exoesqueleto con el entorno de trabajo antes de su implementaci\u00f3n\"\n                }\n            },{\n                \"@type\": \"Question\",\n                \"name\": \"\u00bfC\u00f3mo afecta el uso de exoesqueletos a la productividad laboral?\",\n                \"acceptedAnswer\": {\n                    \"@type\": \"Answer\",\n                    \"text\": \"Estudios han demostrado que los exoesqueletos pueden mejorar la eficiencia al reducir la fatiga y el esfuerzo f\u00edsico, lo que permite a los trabajadores mantener su rendimiento durante toda la jornada laboral. El principal objetivo del uso de un exoesqueleto es mejorar y mantener una buena salud f\u00edsica del usuario durante el trabajo.\"\n                }\n            },{\n                \"@type\": \"Question\",\n                \"name\": \"\u00bfUn exoesqueleto incrementa nuestras capacidades?\",\n                \"acceptedAnswer\": {\n                    \"@type\": \"Answer\",\n                    \"text\": \"No. Un exoesqueleto nunca incrementar\u00e1 nuestras capacidades en el trabajo. Su verdadera funci\u00f3n es disminuir nuestro esfuerzo f\u00edsico en la realizaci\u00f3n de nuestras tareas cotidianas. Nuestra m\u00e1xima es; todo lo que no puedes realizar sin exoesqueleto no lo debes realizar usando un exoesqueleto.\"\n                }\n            },{\n                \"@type\": \"Question\",\n                \"name\": \"\u00bfSon muy caros los exoesqueletos?\",\n                \"acceptedAnswer\": {\n                    \"@type\": \"Answer\",\n                    \"text\": \"Hasta ahora, los precios de los exoesqueletos oscilaban entre los 3.500 \u20ac y 6000 \u20ac. Healthy Suits presenta los primeros exoesqueletos al alcance de todas las personas, profesionales y empresas. Los precios de nuestros dispositivos parten de 890 \u20ac hasta un m\u00e1ximo de 1.725 \u20ac, constituy\u00e9ndose como los exoesqueletos m\u00e1s funcionales y vendidos del mundo, con m\u00e1s de 30.000 unidades implantadas.\"\n                }\n}]\n}<\/script>\r\n<section id=\"faqs\" class=\"block-faqs py-8 lg:py-28\">\r\n\r\n    <div class=\"  max-w-[1166px] m-auto\">\r\n                        \r\n        <h1 class=\"mb-8 text-center\">FAQs<\/h1>\r\n                    <dl class=\"accordion\">\r\n\r\n                \r\n                    <dt class=\"accordion__button text-base cursor-pointer font-normal pr-20 py-4 md:py-6 pl-6 md:pl-8 relative rounded-base bg-primary-100 text-primary rounded-custom\">\r\n                        What is an exoskeleton?                    <\/dt>\r\n\r\n                    <dd class=\"accordion__content mb-2.5 mx-0 mt-0 px-8 text-base\">\r\n                        <div class=\"py-4\">\r\n                            <p>An exoskeleton is a portable device that provides physical assistance to users by reducing muscle strain and fatigue caused by everyday jobs and tasks. Exoskeletons facilitate tasks such as lifting heavy objects or staying in demanding postures for long periods of time. They are used in work environments such as industry, logistics and construction to improve people&#8217;s safety and health.  <\/p>\n                        <\/div>\r\n                    <\/dd>\r\n\r\n                \r\n                    <dt class=\"accordion__button text-base cursor-pointer font-normal pr-20 py-4 md:py-6 pl-6 md:pl-8 relative rounded-base bg-primary-100 text-primary rounded-custom\">\r\n                        What are the benefits of using an exoskeleton?                    <\/dt>\r\n\r\n                    <dd class=\"accordion__content mb-2.5 mx-0 mt-0 px-8 text-base\">\r\n                        <div class=\"py-4\">\r\n                            <p>Exoskeletons help prevent injuries, reduce fatigue and make physical work less strenuous. Thanks to exoskeletons we can prevent the onset of musculoskeletal injuries, as well as improve ergonomics and occupational health. <\/p>\n                        <\/div>\r\n                    <\/dd>\r\n\r\n                \r\n                    <dt class=\"accordion__button text-base cursor-pointer font-normal pr-20 py-4 md:py-6 pl-6 md:pl-8 relative rounded-base bg-primary-100 text-primary rounded-custom\">\r\n                        Can all workers wear an exoskeleton?                    <\/dt>\r\n\r\n                    <dd class=\"accordion__content mb-2.5 mx-0 mt-0 px-8 text-base\">\r\n                        <div class=\"py-4\">\r\n                            <p>Exoskeletons are designed to adapt to different types of users and tasks. However, the selection of the right model depends on the type of work performed, the characteristics of the workplace and the working environment. <\/p>\n                        <\/div>\r\n                    <\/dd>\r\n\r\n                \r\n                    <dt class=\"accordion__button text-base cursor-pointer font-normal pr-20 py-4 md:py-6 pl-6 md:pl-8 relative rounded-base bg-primary-100 text-primary rounded-custom\">\r\n                        Are exoskeletons comfortable?                    <\/dt>\r\n\r\n                    <dd class=\"accordion__content mb-2.5 mx-0 mt-0 px-8 text-base\">\r\n                        <div class=\"py-4\">\r\n                            <p>Modern designs prioritize comfort and ease of use. However, it is important to choose an ergonomic model that is compatible with personal protective equipment and can be worn throughout the workday. <\/p>\n                        <\/div>\r\n                    <\/dd>\r\n\r\n                \r\n                    <dt class=\"accordion__button text-base cursor-pointer font-normal pr-20 py-4 md:py-6 pl-6 md:pl-8 relative rounded-base bg-primary-100 text-primary rounded-custom\">\r\n                        How long does it take to learn to use an exoskeleton?                    <\/dt>\r\n\r\n                    <dd class=\"accordion__content mb-2.5 mx-0 mt-0 px-8 text-base\">\r\n                        <div class=\"py-4\">\r\n                            <p>Don&#8217;t worry, it&#8217;s not complicated. In general, most exoskeletons can be learned to use in a few hours with basic training. <\/p>\n                        <\/div>\r\n                    <\/dd>\r\n\r\n                \r\n                    <dt class=\"accordion__button text-base cursor-pointer font-normal pr-20 py-4 md:py-6 pl-6 md:pl-8 relative rounded-base bg-primary-100 text-primary rounded-custom\">\r\n                        Do exoskeletons require maintenance?                    <\/dt>\r\n\r\n                    <dd class=\"accordion__content mb-2.5 mx-0 mt-0 px-8 text-base\">\r\n                        <div class=\"py-4\">\r\n                            <p>Our exoskeletons do not require periodic maintenance. They simply require regular cleaning, use and proper storage. Other exoskeletons on the market require periodic adjustments in order to guarantee their performance.  <\/p>\n                        <\/div>\r\n                    <\/dd>\r\n\r\n                \r\n                    <dt class=\"accordion__button text-base cursor-pointer font-normal pr-20 py-4 md:py-6 pl-6 md:pl-8 relative rounded-base bg-primary-100 text-primary rounded-custom\">\r\n                        Do exoskeletons work in any work environment?                    <\/dt>\r\n\r\n                    <dd class=\"accordion__content mb-2.5 mx-0 mt-0 px-8 text-base\">\r\n                        <div class=\"py-4\">\r\n                            <p>Many models are designed to withstand extreme temperatures, humidity, dust and other environmental factors. It is important to verify the compatibility of the exoskeleton with the work environment before implementation. <\/p>\n                        <\/div>\r\n                    <\/dd>\r\n\r\n                \r\n                    <dt class=\"accordion__button text-base cursor-pointer font-normal pr-20 py-4 md:py-6 pl-6 md:pl-8 relative rounded-base bg-primary-100 text-primary rounded-custom\">\r\n                        How does the use of exoskeletons affect labor productivity?                    <\/dt>\r\n\r\n                    <dd class=\"accordion__content mb-2.5 mx-0 mt-0 px-8 text-base\">\r\n                        <div class=\"py-4\">\r\n                            <p>Studies have shown that exoskeletons can improve efficiency by reducing fatigue and physical exertion, enabling workers to maintain their performance throughout the workday. The main objective of using an exoskeleton is to improve and maintain good physical health of the user during work. <\/p>\n                        <\/div>\r\n                    <\/dd>\r\n\r\n                \r\n                    <dt class=\"accordion__button text-base cursor-pointer font-normal pr-20 py-4 md:py-6 pl-6 md:pl-8 relative rounded-base bg-primary-100 text-primary rounded-custom\">\r\n                        Does an exoskeleton increase our capabilities?                    <\/dt>\r\n\r\n                    <dd class=\"accordion__content mb-2.5 mx-0 mt-0 px-8 text-base\">\r\n                        <div class=\"py-4\">\r\n                            <p>No. An exoskeleton will never increase our capabilities at work. Its true function is to decrease our physical effort in performing our daily tasks. Our maxim is; everything you cannot do without an exoskeleton you should not do using an exoskeleton.   <\/p>\n                        <\/div>\r\n                    <\/dd>\r\n\r\n                \r\n                    <dt class=\"accordion__button text-base cursor-pointer font-normal pr-20 py-4 md:py-6 pl-6 md:pl-8 relative rounded-base bg-primary-100 text-primary rounded-custom\">\r\n                        Are exoskeletons too expensive?                    <\/dt>\r\n\r\n                    <dd class=\"accordion__content mb-2.5 mx-0 mt-0 px-8 text-base\">\r\n                        <div class=\"py-4\">\r\n                            <p>Until now, the prices of exoskeletons ranged from \u20ac3,500 to \u20ac6,000. Healthy Suits presents the first exoskeletons within the reach of all people, professionals and companies. The prices of our devices start from 890 \u20ac to a maximum of 1,725 \u20ac, becoming the most functional and sold exoskeletons in the world, with more than 30,000 units implanted.  <\/p>\n                        <\/div>\r\n                    <\/dd>\r\n\r\n                \r\n            <\/dl>\r\n\r\n        \r\n    <\/div>\r\n\r\n<\/section>","protected":false},"excerpt":{"rendered":"","protected":false},"author":1,"featured_media":0,"parent":0,"menu_order":34,"comment_status":"closed","ping_status":"closed","template":"","meta":{"_acf_changed":false,"footnotes":""},"class_list":["post-3760","page","type-page","status-publish","hentry"],"acf":[],"_links":{"self":[{"href":"https:\/\/healthysuits.com\/en\/wp-json\/wp\/v2\/pages\/3760","targetHints":{"allow":["GET"]}}],"collection":[{"href":"https:\/\/healthysuits.com\/en\/wp-json\/wp\/v2\/pages"}],"about":[{"href":"https:\/\/healthysuits.com\/en\/wp-json\/wp\/v2\/types\/page"}],"author":[{"embeddable":true,"href":"https:\/\/healthysuits.com\/en\/wp-json\/wp\/v2\/users\/1"}],"replies":[{"embeddable":true,"href":"https:\/\/healthysuits.com\/en\/wp-json\/wp\/v2\/comments?post=3760"}],"version-history":[{"count":1,"href":"https:\/\/healthysuits.com\/en\/wp-json\/wp\/v2\/pages\/3760\/revisions"}],"predecessor-version":[{"id":3761,"href":"https:\/\/healthysuits.com\/en\/wp-json\/wp\/v2\/pages\/3760\/revisions\/3761"}],"wp:attachment":[{"href":"https:\/\/healthysuits.com\/en\/wp-json\/wp\/v2\/media?parent=3760"}],"curies":[{"name":"wp","href":"https:\/\/api.w.org\/{rel}","templated":true}]}}